{"id":34129,"date":"2024-01-12T12:43:43","date_gmt":"2024-01-12T11:43:43","guid":{"rendered":"https:\/\/sundar.be\/?post_type=product&#038;p=34129"},"modified":"2025-12-18T08:29:39","modified_gmt":"2025-12-18T07:29:39","slug":"glow-up-hand-cream","status":"publish","type":"product","link":"https:\/\/sundar.be\/fr\/produit\/glow-up-hand-cream\/","title":{"rendered":"LCN Glow-Up Hand Cream"},"content":{"rendered":"<p><strong><span style=\"color: #557e96;\">Glow Up Hand Cream<\/span><\/strong> est une luxueuse cr\u00e8me \u00e9claircissante pour les mains qui laisse la peau instantan\u00e9ment radieuse et durablement hydrat\u00e9e. Gr\u00e2ce \u00e0 une combinaison d&rsquo;huiles nourrissantes, d&rsquo;actifs hydratants et d&rsquo;extraits de fruits naturels, la peau est douce, lisse et visiblement \u00e9claircie, avec un effet bonne mine. <\/p>\n<p>Id\u00e9al en combinaison avec le <a href=\"https:\/\/sundar.be\/fr\/produit\/kiwi-glowing-nail-shot-11ml\/\"><strong><span style=\"color: #557e96;\">Kiwi Glowing Shot<\/span><\/strong><\/a>.<\/p>\n","protected":false},"excerpt":{"rendered":"<p data-start=\"352\" data-end=\"595\">Cette cr\u00e8me pour les mains adoucit, nourrit et illumine la peau gr\u00e2ce \u00e0 un m\u00e9lange d\u2019ingr\u00e9dients hydratants et \u00e9clatants. Les mains sont soyeuses, souples et radieuses, avec un fini frais et lumineux. <\/p>\n<p data-start=\"597\" data-end=\"852\">\n","protected":false},"featured_media":58612,"comment_status":"open","ping_status":"closed","template":"","meta":{"_acf_changed":false},"product_brand":[],"product_cat":[4969,1442,6229,4936,6230,4761,1440,2772,4907],"product_tag":[2715],"class_list":{"0":"post-34129","1":"product","2":"type-product","3":"status-publish","4":"has-post-thumbnail","6":"product_cat-cremes-lotions-mains","7":"product_cat-cremes-pour-les-mains","8":"product_cat-lcn-soins-highlights","9":"product_cat-lcn-fr","10":"product_cat-lcn-soins-highlights-perfect-manicure","11":"product_cat-pose-ongles","12":"product_cat-lcn-soin-de-mains","13":"product_cat-manucure-soin-mains","14":"product_cat-soins","15":"product_tag-lcn-fr","16":"pa_inhoud-300-ml-fr","17":"pa_inhoud-50-ml-fr","19":"first","20":"instock","21":"taxable","22":"shipping-taxable","23":"product-type-variable"},"acf":[],"_links":{"self":[{"href":"https:\/\/sundar.be\/fr\/wp-json\/wp\/v2\/product\/34129","targetHints":{"allow":["GET"]}}],"collection":[{"href":"https:\/\/sundar.be\/fr\/wp-json\/wp\/v2\/product"}],"about":[{"href":"https:\/\/sundar.be\/fr\/wp-json\/wp\/v2\/types\/product"}],"replies":[{"embeddable":true,"href":"https:\/\/sundar.be\/fr\/wp-json\/wp\/v2\/comments?post=34129"}],"wp:featuredmedia":[{"embeddable":true,"href":"https:\/\/sundar.be\/fr\/wp-json\/wp\/v2\/media\/58612"}],"wp:attachment":[{"href":"https:\/\/sundar.be\/fr\/wp-json\/wp\/v2\/media?parent=34129"}],"wp:term":[{"taxonomy":"product_brand","embeddable":true,"href":"https:\/\/sundar.be\/fr\/wp-json\/wp\/v2\/product_brand?post=34129"},{"taxonomy":"product_cat","embeddable":true,"href":"https:\/\/sundar.be\/fr\/wp-json\/wp\/v2\/product_cat?post=34129"},{"taxonomy":"product_tag","embeddable":true,"href":"https:\/\/sundar.be\/fr\/wp-json\/wp\/v2\/product_tag?post=34129"}],"curies":[{"name":"wp","href":"https:\/\/api.w.org\/{rel}","templated":true}]}}