{"id":32559,"date":"2023-10-01T04:00:27","date_gmt":"2023-10-01T02:00:27","guid":{"rendered":"https:\/\/sundar.be\/product\/rechauffeur-de-compresses\/"},"modified":"2025-08-04T14:46:01","modified_gmt":"2025-08-04T12:46:01","slug":"kompressen-verwarmer","status":"publish","type":"product","link":"https:\/\/sundar.be\/fr\/produit\/kompressen-verwarmer\/","title":{"rendered":"R\u00e9chauffeur de compresses"},"content":{"rendered":"<p>Chauffe-serviettes d&rsquo;une capacit\u00e9 de 7 litres. Il est \u00e9quip\u00e9 d&rsquo;une lampe UV qui \u00e9limine les germes et les bact\u00e9ries. Id\u00e9al pour conserver les serviettes dans des conditions d&rsquo;hygi\u00e8ne parfaites. Fonctionne \u00e0 une temp\u00e9rature maximale de 60\u00b0.   <\/p>\n","protected":false},"excerpt":{"rendered":"<p>Gr\u00e2ce \u00e0 ce chauffe-eau, les compresses et les serviettes restent humides et chaudes.<\/p>\n","protected":false},"featured_media":44005,"comment_status":"open","ping_status":"closed","template":"","meta":{"_acf_changed":false},"product_brand":[],"product_cat":[4945,2800,4769,5696,5608,4223,2683],"product_tag":[2715],"class_list":{"0":"post-32559","1":"product","2":"type-product","3":"status-publish","4":"has-post-thumbnail","6":"product_cat-amenagement-institut-webshop-fr","7":"product_cat-monteil-appareils","8":"product_cat-amenagement-appareils","9":"product_cat-armoires-chauffantes-pour-serviettes","10":"product_cat-chauffe-compresses","11":"product_cat-massage-fr-webshop-fr","12":"product_cat-monteil-fr","13":"product_tag-lcn-fr","15":"first","16":"instock","17":"taxable","18":"shipping-taxable","19":"product-type-simple"},"acf":[],"_links":{"self":[{"href":"https:\/\/sundar.be\/fr\/wp-json\/wp\/v2\/product\/32559","targetHints":{"allow":["GET"]}}],"collection":[{"href":"https:\/\/sundar.be\/fr\/wp-json\/wp\/v2\/product"}],"about":[{"href":"https:\/\/sundar.be\/fr\/wp-json\/wp\/v2\/types\/product"}],"replies":[{"embeddable":true,"href":"https:\/\/sundar.be\/fr\/wp-json\/wp\/v2\/comments?post=32559"}],"wp:featuredmedia":[{"embeddable":true,"href":"https:\/\/sundar.be\/fr\/wp-json\/wp\/v2\/media\/44005"}],"wp:attachment":[{"href":"https:\/\/sundar.be\/fr\/wp-json\/wp\/v2\/media?parent=32559"}],"wp:term":[{"taxonomy":"product_brand","embeddable":true,"href":"https:\/\/sundar.be\/fr\/wp-json\/wp\/v2\/product_brand?post=32559"},{"taxonomy":"product_cat","embeddable":true,"href":"https:\/\/sundar.be\/fr\/wp-json\/wp\/v2\/product_cat?post=32559"},{"taxonomy":"product_tag","embeddable":true,"href":"https:\/\/sundar.be\/fr\/wp-json\/wp\/v2\/product_tag?post=32559"}],"curies":[{"name":"wp","href":"https:\/\/api.w.org\/{rel}","templated":true}]}}