{"id":30539,"date":"2023-09-12T15:57:06","date_gmt":"2023-09-12T13:57:06","guid":{"rendered":"https:\/\/sundar.be\/product\/solutions-glow-serum-30-ml\/"},"modified":"2025-12-08T08:49:34","modified_gmt":"2025-12-08T07:49:34","slug":"solutions-glow-serum-30-ml","status":"publish","type":"product","link":"https:\/\/sundar.be\/fr\/produit\/solutions-glow-serum-30-ml\/","title":{"rendered":"Monteil SOLUTIONS Glow Serum, 30 ml"},"content":{"rendered":"<p><span style=\"color: #557e96;\"><strong>SOLUTIONS Glow Serum<\/strong><\/span> est un s\u00e9rum illuminateur, hydratant et adoucissant qui apporte imm\u00e9diatement de l\u2019\u00e9clat au teint. L\u2019association d\u2019huiles de graines nourrissantes, de squalane, d\u2019acide hyaluronique et d\u2019antioxydants am\u00e9liore l\u2019hydratation, adoucit la peau et r\u00e9v\u00e8le une glow naturelle et saine. Gr\u00e2ce aux min\u00e9raux r\u00e9flecteurs de lumi\u00e8re tels que la mica et le dioxyde de titane, la peau b\u00e9n\u00e9ficie d\u2019un effet lumineux et frais instantan\u00e9.  <\/p>\n","protected":false},"excerpt":{"rendered":"<p data-start=\"678\" data-end=\"852\">Ce s\u00e9rum illuminateur hydrate intens\u00e9ment, nourrit la peau et lui apporte une lumi\u00e8re naturelle et fra\u00eeche. Enrichi en squalane, acide hyaluronique et antioxydants, il offre un teint lisse, uniforme et \u00e9clatant. <\/p>\n","protected":false},"featured_media":45744,"comment_status":"open","ping_status":"closed","template":"","meta":{"_acf_changed":false},"product_brand":[],"product_cat":[2683,2986,2703],"product_tag":[2716],"class_list":{"0":"post-30539","1":"product","2":"type-product","3":"status-publish","4":"has-post-thumbnail","6":"product_cat-monteil-fr","7":"product_cat-monteil-solutions-perfect-skin","8":"product_cat-solutions-fr","9":"product_tag-monteil-fr","10":"pa_inhoud-testeur-non-a-la-vente-30ml","11":"pa_inhoud-vente-30ml","13":"first","14":"instock","15":"taxable","16":"shipping-taxable","17":"product-type-variable"},"acf":[],"_links":{"self":[{"href":"https:\/\/sundar.be\/fr\/wp-json\/wp\/v2\/product\/30539","targetHints":{"allow":["GET"]}}],"collection":[{"href":"https:\/\/sundar.be\/fr\/wp-json\/wp\/v2\/product"}],"about":[{"href":"https:\/\/sundar.be\/fr\/wp-json\/wp\/v2\/types\/product"}],"replies":[{"embeddable":true,"href":"https:\/\/sundar.be\/fr\/wp-json\/wp\/v2\/comments?post=30539"}],"wp:featuredmedia":[{"embeddable":true,"href":"https:\/\/sundar.be\/fr\/wp-json\/wp\/v2\/media\/45744"}],"wp:attachment":[{"href":"https:\/\/sundar.be\/fr\/wp-json\/wp\/v2\/media?parent=30539"}],"wp:term":[{"taxonomy":"product_brand","embeddable":true,"href":"https:\/\/sundar.be\/fr\/wp-json\/wp\/v2\/product_brand?post=30539"},{"taxonomy":"product_cat","embeddable":true,"href":"https:\/\/sundar.be\/fr\/wp-json\/wp\/v2\/product_cat?post=30539"},{"taxonomy":"product_tag","embeddable":true,"href":"https:\/\/sundar.be\/fr\/wp-json\/wp\/v2\/product_tag?post=30539"}],"curies":[{"name":"wp","href":"https:\/\/api.w.org\/{rel}","templated":true}]}}