{"id":30534,"date":"2023-09-12T08:28:58","date_gmt":"2023-09-12T06:28:58","guid":{"rendered":"https:\/\/sundar.be\/product\/soft-touch-cleansing-set\/"},"modified":"2025-12-08T08:54:56","modified_gmt":"2025-12-08T07:54:56","slug":"soft-touch-cleansing-set","status":"publish","type":"product","link":"https:\/\/sundar.be\/fr\/produit\/soft-touch-cleansing-set\/","title":{"rendered":"Monteil Soft Touch Cleansing Set"},"content":{"rendered":"<p>Le parfait duo nettoyant en \u00e9dition limit\u00e9e dans une jolie pochette cosm\u00e9tique en velours doux. Un compagnon pratique en voyage ou pour un peu de luxe \u00e0 la maison !<\/p>\n","protected":false},"excerpt":{"rendered":"<p>Set pratique comprenant une brosse nettoyante et un gel nettoyant pour les peaux sensibles.<\/p>\n","protected":false},"featured_media":30533,"comment_status":"open","ping_status":"closed","template":"","meta":{"_acf_changed":false},"product_brand":[],"product_cat":[2683,2693,4921,4920],"product_tag":[2716],"class_list":{"0":"post-30534","1":"product","2":"type-product","3":"status-publish","4":"has-post-thumbnail","6":"product_cat-monteil-fr","7":"product_cat-monteil-nettoyage-exfoliation","8":"product_cat-beaute-nettoyage-exfoliation","9":"product_cat-beaute-soins-du-visage","10":"product_tag-monteil-fr","12":"first","13":"instock","14":"taxable","15":"shipping-taxable","16":"product-type-simple"},"acf":[],"_links":{"self":[{"href":"https:\/\/sundar.be\/fr\/wp-json\/wp\/v2\/product\/30534","targetHints":{"allow":["GET"]}}],"collection":[{"href":"https:\/\/sundar.be\/fr\/wp-json\/wp\/v2\/product"}],"about":[{"href":"https:\/\/sundar.be\/fr\/wp-json\/wp\/v2\/types\/product"}],"replies":[{"embeddable":true,"href":"https:\/\/sundar.be\/fr\/wp-json\/wp\/v2\/comments?post=30534"}],"wp:featuredmedia":[{"embeddable":true,"href":"https:\/\/sundar.be\/fr\/wp-json\/wp\/v2\/media\/30533"}],"wp:attachment":[{"href":"https:\/\/sundar.be\/fr\/wp-json\/wp\/v2\/media?parent=30534"}],"wp:term":[{"taxonomy":"product_brand","embeddable":true,"href":"https:\/\/sundar.be\/fr\/wp-json\/wp\/v2\/product_brand?post=30534"},{"taxonomy":"product_cat","embeddable":true,"href":"https:\/\/sundar.be\/fr\/wp-json\/wp\/v2\/product_cat?post=30534"},{"taxonomy":"product_tag","embeddable":true,"href":"https:\/\/sundar.be\/fr\/wp-json\/wp\/v2\/product_tag?post=30534"}],"curies":[{"name":"wp","href":"https:\/\/api.w.org\/{rel}","templated":true}]}}