{"id":29670,"date":"2023-05-22T13:03:01","date_gmt":"2023-05-22T11:03:01","guid":{"rendered":"https:\/\/sundar.be\/product\/top-coat-wetnails-glossing-10ml\/"},"modified":"2025-11-25T16:05:20","modified_gmt":"2025-11-25T15:05:20","slug":"wetnails-glossing-10ml-2","status":"publish","type":"product","link":"https:\/\/sundar.be\/fr\/produit\/wetnails-glossing-10ml-2\/","title":{"rendered":"LCN Top Coat WetNails Glossing, 10ml"},"content":{"rendered":"<p>Les ongles en forme de beignet glac\u00e9 sont remplac\u00e9s par les WetNails ! Ils portent le look gloss \u00e0 un niveau sup\u00e9rieur !<\/p>\n<p>Un syst\u00e8me en 2 \u00e9tapes compos\u00e9 d&rsquo;un gel UV et d&rsquo;un top UV (glossing). Lorsqu&rsquo;il est combin\u00e9, ce syst\u00e8me cr\u00e9e un \u00ab\u00a0effet mouill\u00e9\u00a0\u00bb r\u00e9volutionnaire ! La surface des ongles prend un aspect ultra brillant et \u00ab\u00a0mouill\u00e9\u00a0\u00bb !<\/p>\n<p>&nbsp;<\/p>\n","protected":false},"excerpt":{"rendered":"<p>Un syst\u00e8me en 2 \u00e9tapes compos\u00e9 d&rsquo;un gel UV et d&rsquo;un top UV (glossing). Lorsqu&rsquo;il est combin\u00e9, ce syst\u00e8me cr\u00e9e un \u00ab\u00a0effet mouill\u00e9\u00a0\u00bb r\u00e9volutionnaire ! La surface des ongles prend un aspect ultra brillant et \u00ab\u00a0mouill\u00e9\u00a0\u00bb !<\/p>\n<p>Regardez le tutoriel ici : <a href=\"https:\/\/www.youtube.com\/watch?v=zUqxZcL06zU\">https:\/\/www.youtube.com\/watch?v=zUqxZcL06zU<\/a><\/p>\n","protected":false},"featured_media":28914,"comment_status":"closed","ping_status":"closed","template":"","meta":{"_acf_changed":false},"product_brand":[],"product_cat":[4951,6214,4936,4949,4964,6215],"product_tag":[2715],"class_list":{"0":"post-29670","1":"product","2":"type-product","3":"status-publish","4":"has-post-thumbnail","6":"product_cat-lcn-ongles-artificiels-gels-uv-premium","7":"product_cat-lcn-ongles-artificielles-highlights","8":"product_cat-lcn-fr","9":"product_cat-lcn-ongles-artificiels","10":"product_cat-lcn-ongles-artificiels-gels-uv-premium-scellement","11":"product_cat-lcn-ongles-artificielles-highlights-wet-nails","12":"product_tag-lcn-fr","14":"first","15":"instock","16":"taxable","17":"shipping-taxable","18":"product-type-simple"},"acf":[],"_links":{"self":[{"href":"https:\/\/sundar.be\/fr\/wp-json\/wp\/v2\/product\/29670","targetHints":{"allow":["GET"]}}],"collection":[{"href":"https:\/\/sundar.be\/fr\/wp-json\/wp\/v2\/product"}],"about":[{"href":"https:\/\/sundar.be\/fr\/wp-json\/wp\/v2\/types\/product"}],"replies":[{"embeddable":true,"href":"https:\/\/sundar.be\/fr\/wp-json\/wp\/v2\/comments?post=29670"}],"wp:featuredmedia":[{"embeddable":true,"href":"https:\/\/sundar.be\/fr\/wp-json\/wp\/v2\/media\/28914"}],"wp:attachment":[{"href":"https:\/\/sundar.be\/fr\/wp-json\/wp\/v2\/media?parent=29670"}],"wp:term":[{"taxonomy":"product_brand","embeddable":true,"href":"https:\/\/sundar.be\/fr\/wp-json\/wp\/v2\/product_brand?post=29670"},{"taxonomy":"product_cat","embeddable":true,"href":"https:\/\/sundar.be\/fr\/wp-json\/wp\/v2\/product_cat?post=29670"},{"taxonomy":"product_tag","embeddable":true,"href":"https:\/\/sundar.be\/fr\/wp-json\/wp\/v2\/product_tag?post=29670"}],"curies":[{"name":"wp","href":"https:\/\/api.w.org\/{rel}","templated":true}]}}