{"id":29364,"date":"2023-06-16T12:04:07","date_gmt":"2023-06-16T10:04:07","guid":{"rendered":"https:\/\/sundar.be\/product\/loosener\/"},"modified":"2025-11-27T14:28:20","modified_gmt":"2025-11-27T13:28:20","slug":"loosener","status":"publish","type":"product","link":"https:\/\/sundar.be\/fr\/produit\/loosener\/","title":{"rendered":"LCN Loosener"},"content":{"rendered":"<p>LCN Loosener est un dissolvant professionnel qui \u00e9limine rapidement et efficacement les ongles artificiels, les r\u00e9sidus de gel et les traces de colle sans agresser inutilement l\u2019ongle naturel. Gr\u00e2ce \u00e0 l\u2019ajout d\u2019huile d\u2019amande douce, le dess\u00e8chement est minimis\u00e9 et la plaque de l\u2019ongle reste souple et nourrie apr\u00e8s le traitement. Id\u00e9al aussi bien en salon qu\u2019\u00e0 domicile pour retirer les produits ongulaires en toute s\u00e9curit\u00e9 et efficacit\u00e9.  <\/p>\n","protected":false},"excerpt":{"rendered":"<p>Ce dissolvant professionnel \u00e9limine rapidement et en profondeur les r\u00e9sidus de gel, de colle et les ongles artificiels. L\u2019huile d\u2019amande douce prot\u00e8ge l\u2019ongle naturel du dess\u00e8chement et le maintient doux et souple <\/p>\n","protected":false},"featured_media":29286,"comment_status":"open","ping_status":"closed","template":"","meta":{"_acf_changed":false},"product_brand":[],"product_cat":[5016,4936,1539,5008,1532,4949,4761],"product_tag":[2715],"class_list":{"0":"post-29364","1":"product","2":"type-product","3":"status-publish","4":"has-post-thumbnail","6":"product_cat-manucure-accessoires-liquides","7":"product_cat-lcn-fr","8":"product_cat-liquides-accessoires-fr","9":"product_cat-manucure-materiel-manucure","10":"product_cat-materiels","11":"product_cat-lcn-ongles-artificiels","12":"product_cat-pose-ongles","13":"product_tag-lcn-fr","14":"pa_inhoud-100-ml-fr","15":"pa_inhoud-500-ml-fr","17":"first","18":"instock","19":"taxable","20":"shipping-taxable","21":"product-type-variable"},"acf":[],"_links":{"self":[{"href":"https:\/\/sundar.be\/fr\/wp-json\/wp\/v2\/product\/29364","targetHints":{"allow":["GET"]}}],"collection":[{"href":"https:\/\/sundar.be\/fr\/wp-json\/wp\/v2\/product"}],"about":[{"href":"https:\/\/sundar.be\/fr\/wp-json\/wp\/v2\/types\/product"}],"replies":[{"embeddable":true,"href":"https:\/\/sundar.be\/fr\/wp-json\/wp\/v2\/comments?post=29364"}],"wp:featuredmedia":[{"embeddable":true,"href":"https:\/\/sundar.be\/fr\/wp-json\/wp\/v2\/media\/29286"}],"wp:attachment":[{"href":"https:\/\/sundar.be\/fr\/wp-json\/wp\/v2\/media?parent=29364"}],"wp:term":[{"taxonomy":"product_brand","embeddable":true,"href":"https:\/\/sundar.be\/fr\/wp-json\/wp\/v2\/product_brand?post=29364"},{"taxonomy":"product_cat","embeddable":true,"href":"https:\/\/sundar.be\/fr\/wp-json\/wp\/v2\/product_cat?post=29364"},{"taxonomy":"product_tag","embeddable":true,"href":"https:\/\/sundar.be\/fr\/wp-json\/wp\/v2\/product_tag?post=29364"}],"curies":[{"name":"wp","href":"https:\/\/api.w.org\/{rel}","templated":true}]}}