{"id":29036,"date":"2023-06-07T08:12:06","date_gmt":"2023-06-07T06:12:06","guid":{"rendered":"https:\/\/sundar.be\/product\/super-light-unit\/"},"modified":"2025-12-18T08:00:06","modified_gmt":"2025-12-18T07:00:06","slug":"super-light-unit","status":"publish","type":"product","link":"https:\/\/sundar.be\/fr\/produit\/super-light-unit\/","title":{"rendered":"LED lamp &#8211; Super Light Unit"},"content":{"rendered":"<p><strong>D\u00e9couvrez notre lampe LED \u00e0 bas prix.<\/strong><\/p>\n<p>Il ne s&rsquo;agit pas seulement de la qualit\u00e9 des produits, mais aussi de leur apparence ! Compl\u00e9tez parfaitement l&rsquo;aspect super gel de votre surface de travail avec le nouveau Super Light Unit ! La lampe est compatible avec tous les gels LCN et les syst\u00e8mes de couleurs photopolym\u00e9risables.<\/p>\n<p>Ce bijou est \u00e9l\u00e9gant, pratique et offre des r\u00e9sultats convaincants \u00e0 un prix int\u00e9ressant ! Le mod\u00e8le d&rsquo;entr\u00e9e de gamme id\u00e9al pour votre studio.<\/p>\n<p>&nbsp;<\/p>\n","protected":false},"excerpt":{"rendered":"<p>D\u00e9couvrez notre lampe LED \u00e0 bas prix.<\/p>\n","protected":false},"featured_media":29035,"comment_status":"closed","ping_status":"closed","template":"","meta":{"_acf_changed":false},"product_brand":[],"product_cat":[6311,4945,4769,6313,1629,4936],"product_tag":[2715],"class_list":{"0":"post-29036","1":"product","2":"type-product","3":"status-publish","4":"has-post-thumbnail","6":"product_cat-lcn-accessoires","7":"product_cat-amenagement-institut-webshop-fr","8":"product_cat-amenagement-appareils","9":"product_cat-lcn-accessoires-lampes-fraises","10":"product_cat-lampes-led","11":"product_cat-lcn-fr","12":"product_tag-lcn-fr","13":"pa_vorm-adaptateur","14":"pa_vorm-lampe-led","16":"first","17":"instock","18":"taxable","19":"shipping-taxable","20":"product-type-variable"},"acf":[],"_links":{"self":[{"href":"https:\/\/sundar.be\/fr\/wp-json\/wp\/v2\/product\/29036","targetHints":{"allow":["GET"]}}],"collection":[{"href":"https:\/\/sundar.be\/fr\/wp-json\/wp\/v2\/product"}],"about":[{"href":"https:\/\/sundar.be\/fr\/wp-json\/wp\/v2\/types\/product"}],"replies":[{"embeddable":true,"href":"https:\/\/sundar.be\/fr\/wp-json\/wp\/v2\/comments?post=29036"}],"wp:featuredmedia":[{"embeddable":true,"href":"https:\/\/sundar.be\/fr\/wp-json\/wp\/v2\/media\/29035"}],"wp:attachment":[{"href":"https:\/\/sundar.be\/fr\/wp-json\/wp\/v2\/media?parent=29036"}],"wp:term":[{"taxonomy":"product_brand","embeddable":true,"href":"https:\/\/sundar.be\/fr\/wp-json\/wp\/v2\/product_brand?post=29036"},{"taxonomy":"product_cat","embeddable":true,"href":"https:\/\/sundar.be\/fr\/wp-json\/wp\/v2\/product_cat?post=29036"},{"taxonomy":"product_tag","embeddable":true,"href":"https:\/\/sundar.be\/fr\/wp-json\/wp\/v2\/product_tag?post=29036"}],"curies":[{"name":"wp","href":"https:\/\/api.w.org\/{rel}","templated":true}]}}