{"id":28909,"date":"2023-05-22T12:55:28","date_gmt":"2023-05-22T10:55:28","guid":{"rendered":"https:\/\/sundar.be\/product\/wetnails-gel\/"},"modified":"2025-11-25T15:04:46","modified_gmt":"2025-11-25T14:04:46","slug":"wetnails-gel","status":"publish","type":"product","link":"https:\/\/sundar.be\/fr\/produit\/wetnails-gel\/","title":{"rendered":"LCN WetNails Gel, 25ml"},"content":{"rendered":"<p>Un syst\u00e8me en 2 \u00e9tapes compos\u00e9 d&rsquo;un gel UV et d&rsquo;un top UV (glossing). Lorsqu&rsquo;il est combin\u00e9, ce syst\u00e8me cr\u00e9e un \u00ab\u00a0effet mouill\u00e9\u00a0\u00bb r\u00e9volutionnaire ! La surface des ongles prend un aspect ultra brillant et \u00ab\u00a0mouill\u00e9\u00a0\u00bb !<\/p>\n","protected":false},"excerpt":{"rendered":"<p>Un syst\u00e8me en 2 \u00e9tapes compos\u00e9 d&rsquo;un gel UV et d&rsquo;un top UV (glossing). Lorsqu&rsquo;il est combin\u00e9, ce syst\u00e8me cr\u00e9e un \u00ab\u00a0effet mouill\u00e9\u00a0\u00bb r\u00e9volutionnaire ! La surface des ongles prend un aspect ultra brillant et \u00ab\u00a0mouill\u00e9\u00a0\u00bb !<\/p>\n","protected":false},"featured_media":28908,"comment_status":"closed","ping_status":"closed","template":"","meta":{"_acf_changed":false},"product_brand":[],"product_cat":[6193,4951,6214,4936,4949,6215],"product_tag":[2715],"class_list":{"0":"post-28909","1":"product","2":"type-product","3":"status-publish","4":"has-post-thumbnail","6":"product_cat-lcn-ongles-artificielles-uv-gels-premium-gels-de-construction","7":"product_cat-lcn-ongles-artificiels-gels-uv-premium","8":"product_cat-lcn-ongles-artificielles-highlights","9":"product_cat-lcn-fr","10":"product_cat-lcn-ongles-artificiels","11":"product_cat-lcn-ongles-artificielles-highlights-wet-nails","12":"product_tag-lcn-fr","13":"pa_kleur-blush","14":"pa_kleur-clear","16":"first","17":"instock","18":"taxable","19":"shipping-taxable","20":"product-type-variable"},"acf":[],"_links":{"self":[{"href":"https:\/\/sundar.be\/fr\/wp-json\/wp\/v2\/product\/28909","targetHints":{"allow":["GET"]}}],"collection":[{"href":"https:\/\/sundar.be\/fr\/wp-json\/wp\/v2\/product"}],"about":[{"href":"https:\/\/sundar.be\/fr\/wp-json\/wp\/v2\/types\/product"}],"replies":[{"embeddable":true,"href":"https:\/\/sundar.be\/fr\/wp-json\/wp\/v2\/comments?post=28909"}],"wp:featuredmedia":[{"embeddable":true,"href":"https:\/\/sundar.be\/fr\/wp-json\/wp\/v2\/media\/28908"}],"wp:attachment":[{"href":"https:\/\/sundar.be\/fr\/wp-json\/wp\/v2\/media?parent=28909"}],"wp:term":[{"taxonomy":"product_brand","embeddable":true,"href":"https:\/\/sundar.be\/fr\/wp-json\/wp\/v2\/product_brand?post=28909"},{"taxonomy":"product_cat","embeddable":true,"href":"https:\/\/sundar.be\/fr\/wp-json\/wp\/v2\/product_cat?post=28909"},{"taxonomy":"product_tag","embeddable":true,"href":"https:\/\/sundar.be\/fr\/wp-json\/wp\/v2\/product_tag?post=28909"}],"curies":[{"name":"wp","href":"https:\/\/api.w.org\/{rel}","templated":true}]}}