{"id":28589,"date":"2023-05-09T13:53:41","date_gmt":"2023-05-09T11:53:41","guid":{"rendered":"https:\/\/sundar.be\/product\/triple-power-skin-threads-120-pieces\/"},"modified":"2025-12-08T08:57:13","modified_gmt":"2025-12-08T07:57:13","slug":"triple-power-skin-threads-120-pieces","status":"publish","type":"product","link":"https:\/\/sundar.be\/fr\/produit\/triple-power-skin-threads-120-pieces\/","title":{"rendered":"Monteil Triple Power Skin Threads (120 pcs)"},"content":{"rendered":"<p>Il s&rsquo;agit d&rsquo;un traitement indolore et non invasif, sans aiguille ni appareil, qui permet de raffermir et de repulper optiquement le visage, le cou et le d\u00e9collet\u00e9. Les principaux composants des fils de collag\u00e8ne sont : l&rsquo;extrait de soie, l&rsquo;extrait de nid de martinets, le collag\u00e8ne hydrolys\u00e9, l&rsquo;armoise indienne, le tripeptide-1, l&rsquo;oligopeptide-2 et l&rsquo;or. \u00ab Triple Power \u00bb signifie un triple effet d&rsquo;ingr\u00e9dients cl\u00e9s<br \/>\nl&rsquo;or, le collag\u00e8ne et la soie &#8211; pour des r\u00e9sultats triplement convaincants.<\/p>\n","protected":false},"excerpt":{"rendered":"<p>Collagen Threads offre une combinaison de technologie et d&rsquo;ingr\u00e9dients riches pour revitaliser et rajeunir la peau \u00e0 plusieurs niveaux. Le r\u00e9sultat est une peau radieuse, ferme et jeune, plus saine et renouvel\u00e9e.<\/p>\n","protected":false},"featured_media":28587,"comment_status":"closed","ping_status":"closed","template":"","meta":{"_acf_changed":false},"product_brand":[],"product_cat":[2683,2707],"product_tag":[2716],"class_list":{"0":"post-28589","1":"product","2":"type-product","3":"status-publish","4":"has-post-thumbnail","6":"product_cat-monteil-fr","7":"product_cat-monteil-professionals-fr","8":"product_tag-monteil-fr","10":"first","11":"instock","12":"taxable","13":"shipping-taxable","14":"product-type-simple"},"acf":[],"_links":{"self":[{"href":"https:\/\/sundar.be\/fr\/wp-json\/wp\/v2\/product\/28589","targetHints":{"allow":["GET"]}}],"collection":[{"href":"https:\/\/sundar.be\/fr\/wp-json\/wp\/v2\/product"}],"about":[{"href":"https:\/\/sundar.be\/fr\/wp-json\/wp\/v2\/types\/product"}],"replies":[{"embeddable":true,"href":"https:\/\/sundar.be\/fr\/wp-json\/wp\/v2\/comments?post=28589"}],"wp:featuredmedia":[{"embeddable":true,"href":"https:\/\/sundar.be\/fr\/wp-json\/wp\/v2\/media\/28587"}],"wp:attachment":[{"href":"https:\/\/sundar.be\/fr\/wp-json\/wp\/v2\/media?parent=28589"}],"wp:term":[{"taxonomy":"product_brand","embeddable":true,"href":"https:\/\/sundar.be\/fr\/wp-json\/wp\/v2\/product_brand?post=28589"},{"taxonomy":"product_cat","embeddable":true,"href":"https:\/\/sundar.be\/fr\/wp-json\/wp\/v2\/product_cat?post=28589"},{"taxonomy":"product_tag","embeddable":true,"href":"https:\/\/sundar.be\/fr\/wp-json\/wp\/v2\/product_tag?post=28589"}],"curies":[{"name":"wp","href":"https:\/\/api.w.org\/{rel}","templated":true}]}}