{"id":28573,"date":"2023-05-09T13:14:58","date_gmt":"2023-05-09T11:14:58","guid":{"rendered":"https:\/\/sundar.be\/product\/home-set-probeactive\/"},"modified":"2025-12-08T08:57:48","modified_gmt":"2025-12-08T07:57:48","slug":"home-set-probeactive","status":"publish","type":"product","link":"https:\/\/sundar.be\/fr\/produit\/home-set-probeactive\/","title":{"rendered":"Monteil Home Set ProBeActive"},"content":{"rendered":"<p>L&rsquo;ingr\u00e9dient probiotique nourrit durablement le microbiome de la peau et favorise un processus de r\u00e9g\u00e9n\u00e9ration cutan\u00e9e sain.<\/p>\n<p><strong>Contenu:<\/strong><\/p>\n<ul>\n<li><span style=\"color: #557e96;\"><strong><a style=\"color: #557e96;\" href=\"https:\/\/sundar.be\/fr\/produit\/probeactive-probiotic-protecting-day-creme-50ml\/\">Probiotic Day Cream<\/a><\/strong><\/span>, 25ml<\/li>\n<li><span style=\"color: #557e96;\"><strong><a href=\"https:\/\/sundar.be\/fr\/produit\/probeactive-probiotic-stimulating-night-creme-50ml\/\">Probiotic Night Cream<\/a><\/strong><\/span>, 25ml<\/li>\n<li><span style=\"color: #557e96;\"><strong><a href=\"https:\/\/sundar.be\/fr\/produit\/probeactive-probiotic-smoothing-eye-creme\/\">Probiotic Eye Cream<\/a><\/strong><\/span>, 15ml<\/li>\n<li>Sac tendance<\/li>\n<\/ul>\n","protected":false},"excerpt":{"rendered":"<p>D\u00e9couvrez les produits de la gamme ProBeActive dans ce coffret pratique.<\/p>\n","protected":false},"featured_media":28572,"comment_status":"closed","ping_status":"closed","template":"","meta":{"_acf_changed":false},"product_brand":[],"product_cat":[2683,2687],"product_tag":[2716],"class_list":{"0":"post-28573","1":"product","2":"type-product","3":"status-publish","4":"has-post-thumbnail","6":"product_cat-monteil-fr","7":"product_cat-probeactive-fr","8":"product_tag-monteil-fr","10":"first","11":"instock","12":"taxable","13":"shipping-taxable","14":"product-type-simple"},"acf":[],"_links":{"self":[{"href":"https:\/\/sundar.be\/fr\/wp-json\/wp\/v2\/product\/28573","targetHints":{"allow":["GET"]}}],"collection":[{"href":"https:\/\/sundar.be\/fr\/wp-json\/wp\/v2\/product"}],"about":[{"href":"https:\/\/sundar.be\/fr\/wp-json\/wp\/v2\/types\/product"}],"replies":[{"embeddable":true,"href":"https:\/\/sundar.be\/fr\/wp-json\/wp\/v2\/comments?post=28573"}],"wp:featuredmedia":[{"embeddable":true,"href":"https:\/\/sundar.be\/fr\/wp-json\/wp\/v2\/media\/28572"}],"wp:attachment":[{"href":"https:\/\/sundar.be\/fr\/wp-json\/wp\/v2\/media?parent=28573"}],"wp:term":[{"taxonomy":"product_brand","embeddable":true,"href":"https:\/\/sundar.be\/fr\/wp-json\/wp\/v2\/product_brand?post=28573"},{"taxonomy":"product_cat","embeddable":true,"href":"https:\/\/sundar.be\/fr\/wp-json\/wp\/v2\/product_cat?post=28573"},{"taxonomy":"product_tag","embeddable":true,"href":"https:\/\/sundar.be\/fr\/wp-json\/wp\/v2\/product_tag?post=28573"}],"curies":[{"name":"wp","href":"https:\/\/api.w.org\/{rel}","templated":true}]}}