{"id":28554,"date":"2023-05-15T08:00:49","date_gmt":"2023-05-15T06:00:49","guid":{"rendered":"https:\/\/sundar.be\/?post_type=product&#038;p=28554"},"modified":"2025-12-08T08:56:19","modified_gmt":"2025-12-08T07:56:19","slug":"elixir-metamorphose-retinol-drops-30ml","status":"publish","type":"product","link":"https:\/\/sundar.be\/fr\/produit\/elixir-metamorphose-retinol-drops-30ml\/","title":{"rendered":"Monteil \u00c9lixir M\u00e9tamorphose Retinol Drops, 30ml"},"content":{"rendered":"<p><span style=\"color: #557e96;\"><strong>\u00c9lixir M\u00e9tamorphose Retinol Drops <\/strong><\/span>est un \u00e9lixir luxueux et transformateur qui affine, illumine et lisse le teint. Sa formule associe du r\u00e9tinyl palmitate (une forme douce et progressive de r\u00e9tinol) \u00e0 des huiles de graines nourrissantes telles que l\u2019huile de cranberry, de chia et de meadowfoam. Cette synergie stimule le renouvellement cellulaire, att\u00e9nue les ridules, nourrit intens\u00e9ment la peau et lui apporte une lueur saine et \u00e9clatante. Gr\u00e2ce \u00e0 sa base huileuse l\u00e9g\u00e8re, le s\u00e9rum convient aussi bien aux d\u00e9butants qu\u2019aux utilisateurs exp\u00e9riment\u00e9s de r\u00e9tinol.   <\/p>\n","protected":false},"excerpt":{"rendered":"<p>Ces gouttes au r\u00e9tinol am\u00e9liorent la texture de la peau, r\u00e9duisent les ridules et stimulent le renouvellement cellulaire. Les huiles de graines nourrissantes renforcent la barri\u00e8re cutan\u00e9e et apportent une glow saine et lumineuse. <\/p>\n","protected":false},"featured_media":46492,"comment_status":"closed","ping_status":"closed","template":"","meta":{"_acf_changed":false},"product_brand":[],"product_cat":[2701,2683],"product_tag":[2716],"class_list":{"0":"post-28554","1":"product","2":"type-product","3":"status-publish","4":"has-post-thumbnail","6":"product_cat-elixir-metamorphose-fr","7":"product_cat-monteil-fr","8":"product_tag-monteil-fr","9":"pa_inhoud-testeur-3ml","10":"pa_inhoud-testeur-non-a-la-vente-30ml","11":"pa_inhoud-vente-30ml","13":"first","14":"instock","15":"taxable","16":"shipping-taxable","17":"product-type-variable"},"acf":[],"_links":{"self":[{"href":"https:\/\/sundar.be\/fr\/wp-json\/wp\/v2\/product\/28554","targetHints":{"allow":["GET"]}}],"collection":[{"href":"https:\/\/sundar.be\/fr\/wp-json\/wp\/v2\/product"}],"about":[{"href":"https:\/\/sundar.be\/fr\/wp-json\/wp\/v2\/types\/product"}],"replies":[{"embeddable":true,"href":"https:\/\/sundar.be\/fr\/wp-json\/wp\/v2\/comments?post=28554"}],"wp:featuredmedia":[{"embeddable":true,"href":"https:\/\/sundar.be\/fr\/wp-json\/wp\/v2\/media\/46492"}],"wp:attachment":[{"href":"https:\/\/sundar.be\/fr\/wp-json\/wp\/v2\/media?parent=28554"}],"wp:term":[{"taxonomy":"product_brand","embeddable":true,"href":"https:\/\/sundar.be\/fr\/wp-json\/wp\/v2\/product_brand?post=28554"},{"taxonomy":"product_cat","embeddable":true,"href":"https:\/\/sundar.be\/fr\/wp-json\/wp\/v2\/product_cat?post=28554"},{"taxonomy":"product_tag","embeddable":true,"href":"https:\/\/sundar.be\/fr\/wp-json\/wp\/v2\/product_tag?post=28554"}],"curies":[{"name":"wp","href":"https:\/\/api.w.org\/{rel}","templated":true}]}}