{"id":28205,"date":"2023-03-31T15:08:36","date_gmt":"2023-03-31T13:08:36","guid":{"rendered":"https:\/\/sundar.be\/product\/super-gel-quick-pedi-10ml-clear\/"},"modified":"2025-11-25T15:04:48","modified_gmt":"2025-11-25T14:04:48","slug":"super-gel-quick-pedi-10ml","status":"publish","type":"product","link":"https:\/\/sundar.be\/fr\/produit\/super-gel-quick-pedi-10ml\/","title":{"rendered":"LCN Super Gel Quick Pedi, 10ml"},"content":{"rendered":"<p>Le Super Gel Quick Pedi est le gel UV par excellence pour une p\u00e9dicure parfaite ! Facile \u00e0 appliquer, convient \u00e0 tous les types d&rsquo;ongles et est garanti 100% gel ! Le gel id\u00e9al pour un renforcement minimal et une optimisation de la plaque de l&rsquo;ongle.<\/p>\n<p>&nbsp;<\/p>\n<p>&nbsp;<\/p>\n<p>&nbsp;<\/p>\n","protected":false},"excerpt":{"rendered":"<p>Le Super Gel Quick Pedi est le gel UV par excellence pour une p\u00e9dicure parfaite.<\/p>\n","protected":false},"featured_media":32819,"comment_status":"closed","ping_status":"closed","template":"","meta":{"_acf_changed":false},"product_brand":[],"product_cat":[6197,4951,6214,4936,4949,4755,1427,6216],"product_tag":[2715],"class_list":{"0":"post-28205","1":"product","2":"type-product","3":"status-publish","4":"has-post-thumbnail","6":"product_cat-lcn-ongles-artificielles-gels-uv-pieds","7":"product_cat-lcn-ongles-artificiels-gels-uv-premium","8":"product_cat-lcn-ongles-artificielles-highlights","9":"product_cat-lcn-fr","10":"product_cat-lcn-ongles-artificiels","11":"product_cat-pedicure","12":"product_cat-lcn-soin-de-pieds","13":"product_cat-lcn-ongles-artificielles-highlights-super-gel","14":"product_tag-lcn-fr","15":"pa_kleur-clear","16":"pa_kleur-naked-rose","18":"first","19":"instock","20":"taxable","21":"shipping-taxable","22":"product-type-variable"},"acf":[],"_links":{"self":[{"href":"https:\/\/sundar.be\/fr\/wp-json\/wp\/v2\/product\/28205","targetHints":{"allow":["GET"]}}],"collection":[{"href":"https:\/\/sundar.be\/fr\/wp-json\/wp\/v2\/product"}],"about":[{"href":"https:\/\/sundar.be\/fr\/wp-json\/wp\/v2\/types\/product"}],"replies":[{"embeddable":true,"href":"https:\/\/sundar.be\/fr\/wp-json\/wp\/v2\/comments?post=28205"}],"wp:featuredmedia":[{"embeddable":true,"href":"https:\/\/sundar.be\/fr\/wp-json\/wp\/v2\/media\/32819"}],"wp:attachment":[{"href":"https:\/\/sundar.be\/fr\/wp-json\/wp\/v2\/media?parent=28205"}],"wp:term":[{"taxonomy":"product_brand","embeddable":true,"href":"https:\/\/sundar.be\/fr\/wp-json\/wp\/v2\/product_brand?post=28205"},{"taxonomy":"product_cat","embeddable":true,"href":"https:\/\/sundar.be\/fr\/wp-json\/wp\/v2\/product_cat?post=28205"},{"taxonomy":"product_tag","embeddable":true,"href":"https:\/\/sundar.be\/fr\/wp-json\/wp\/v2\/product_tag?post=28205"}],"curies":[{"name":"wp","href":"https:\/\/api.w.org\/{rel}","templated":true}]}}