{"id":27154,"date":"2023-03-15T09:18:06","date_gmt":"2023-03-15T08:18:06","guid":{"rendered":"https:\/\/sundar.be\/product\/la-creme-unique-50-ml\/"},"modified":"2025-12-08T08:27:25","modified_gmt":"2025-12-08T07:27:25","slug":"la-creme-unique-50-ml","status":"publish","type":"product","link":"https:\/\/sundar.be\/fr\/produit\/la-creme-unique-50-ml\/","title":{"rendered":"Monteil La Cr\u00e8me Unique, 50 ml"},"content":{"rendered":"<p><span style=\"color: #557e96;\"><strong>La Cr\u00e8me Unique<\/strong><\/span> est une cr\u00e8me visage luxueuse et multi-active qui combine hydratation, nutrition, protection et am\u00e9lioration de la peau en une seule formule. Gr\u00e2ce au squalane biomim\u00e9tique, aux huiles v\u00e9g\u00e9tales soyeuses et aux puissants antioxydants tels que les vitamines C et E, la peau retrouve un aspect lisse, lumineux et frais. Des extraits botaniques innovants \u2014 dont la cam\u00e9lia, le mangoustan, les ferments d\u2019algues et le pin cembro \u2014 renforcent la barri\u00e8re cutan\u00e9e, r\u00e9duisent les signes de fatigue et intensifient l\u2019\u00e9clat naturel.  <\/p>\n","protected":false},"excerpt":{"rendered":"<p>Cette cr\u00e8me riche mais non grasse hydrate en profondeur, adoucit la peau et am\u00e9liore l\u2019\u00e9clat gr\u00e2ce \u00e0 un m\u00e9lange de squalane, d\u2019huile de cam\u00e9lia et d\u2019antioxydants. La peau para\u00eet plus pulpeuse, plus souple et visiblement plus lumineuse. <\/p>\n","protected":false},"featured_media":46488,"comment_status":"closed","ping_status":"closed","template":"","meta":{"_acf_changed":false},"product_brand":[],"product_cat":[2937,2683],"product_tag":[2716],"class_list":{"0":"post-27154","1":"product","2":"type-product","3":"status-publish","4":"has-post-thumbnail","6":"product_cat-monteil-la-creme-unique-fr","7":"product_cat-monteil-fr","8":"product_tag-monteil-fr","9":"pa_inhoud-testeur-3ml","10":"pa_inhoud-testeur-non-a-la-vente-50ml","11":"pa_inhoud-vente-50ml","13":"first","14":"instock","15":"taxable","16":"shipping-taxable","17":"product-type-variable"},"acf":[],"_links":{"self":[{"href":"https:\/\/sundar.be\/fr\/wp-json\/wp\/v2\/product\/27154","targetHints":{"allow":["GET"]}}],"collection":[{"href":"https:\/\/sundar.be\/fr\/wp-json\/wp\/v2\/product"}],"about":[{"href":"https:\/\/sundar.be\/fr\/wp-json\/wp\/v2\/types\/product"}],"replies":[{"embeddable":true,"href":"https:\/\/sundar.be\/fr\/wp-json\/wp\/v2\/comments?post=27154"}],"wp:featuredmedia":[{"embeddable":true,"href":"https:\/\/sundar.be\/fr\/wp-json\/wp\/v2\/media\/46488"}],"wp:attachment":[{"href":"https:\/\/sundar.be\/fr\/wp-json\/wp\/v2\/media?parent=27154"}],"wp:term":[{"taxonomy":"product_brand","embeddable":true,"href":"https:\/\/sundar.be\/fr\/wp-json\/wp\/v2\/product_brand?post=27154"},{"taxonomy":"product_cat","embeddable":true,"href":"https:\/\/sundar.be\/fr\/wp-json\/wp\/v2\/product_cat?post=27154"},{"taxonomy":"product_tag","embeddable":true,"href":"https:\/\/sundar.be\/fr\/wp-json\/wp\/v2\/product_tag?post=27154"}],"curies":[{"name":"wp","href":"https:\/\/api.w.org\/{rel}","templated":true}]}}