{"id":27114,"date":"2023-03-14T17:16:40","date_gmt":"2023-03-14T16:16:40","guid":{"rendered":"https:\/\/sundar.be\/product\/solutions-calm-anti-red-serum-30ml\/"},"modified":"2025-12-08T09:06:30","modified_gmt":"2025-12-08T08:06:30","slug":"solutions-calm-anti-red-serum-30ml","status":"publish","type":"product","link":"https:\/\/sundar.be\/fr\/produit\/solutions-calm-anti-red-serum-30ml\/","title":{"rendered":"Monteil SOLUTIONS CALM Anti-Red Serum, 30ml"},"content":{"rendered":"<p>Le <span style=\"color: #557e96;\"><strong>SOLUTIONS CALM Anti-Red Serum<\/strong><\/span> est un s\u00e9rum ultra-doux et apaisant qui r\u00e9duit visiblement les rougeurs, la sensibilit\u00e9 et les irritations. La formule est riche en extraits calmants tels que l\u2019arnica, le champignon Tremella, l\u2019extrait de cypr\u00e8s et le panth\u00e9nol, associ\u00e9s \u00e0 un complexe avanc\u00e9 d\u2019acides hyaluroniques \u00e0 5 poids mol\u00e9culaires pour une hydratation intense. Le s\u00e9rum renforce la barri\u00e8re cutan\u00e9e, r\u00e9\u00e9quilibre la peau et l\u2019aide \u00e0 se prot\u00e9ger contre les facteurs de stress externes. Le r\u00e9sultat : une peau confortable avec un teint visiblement plus uniforme.   <\/p>\n<p>&nbsp;<\/p>\n","protected":false},"excerpt":{"rendered":"<p>Ce s\u00e9rum anti-rougeurs apaise et hydrate imm\u00e9diatement les peaux sensibles. Il r\u00e9duit les rougeurs, adoucit les irritations et soutient la barri\u00e8re cutan\u00e9e pour un teint plus calme et uniforme. <\/p>\n","protected":false},"featured_media":30563,"comment_status":"closed","ping_status":"closed","template":"","meta":{"_acf_changed":false},"product_brand":[],"product_cat":[2683,2703,2978],"product_tag":[2716],"class_list":{"0":"post-27114","1":"product","2":"type-product","3":"status-publish","4":"has-post-thumbnail","6":"product_cat-monteil-fr","7":"product_cat-solutions-fr","8":"product_cat-monteil-solutions-calm-fr","9":"product_tag-monteil-fr","10":"pa_inhoud-testeur-non-a-la-vente-30ml","11":"pa_inhoud-vente-30ml","13":"first","14":"instock","15":"taxable","16":"shipping-taxable","17":"product-type-variable"},"acf":[],"_links":{"self":[{"href":"https:\/\/sundar.be\/fr\/wp-json\/wp\/v2\/product\/27114","targetHints":{"allow":["GET"]}}],"collection":[{"href":"https:\/\/sundar.be\/fr\/wp-json\/wp\/v2\/product"}],"about":[{"href":"https:\/\/sundar.be\/fr\/wp-json\/wp\/v2\/types\/product"}],"replies":[{"embeddable":true,"href":"https:\/\/sundar.be\/fr\/wp-json\/wp\/v2\/comments?post=27114"}],"wp:featuredmedia":[{"embeddable":true,"href":"https:\/\/sundar.be\/fr\/wp-json\/wp\/v2\/media\/30563"}],"wp:attachment":[{"href":"https:\/\/sundar.be\/fr\/wp-json\/wp\/v2\/media?parent=27114"}],"wp:term":[{"taxonomy":"product_brand","embeddable":true,"href":"https:\/\/sundar.be\/fr\/wp-json\/wp\/v2\/product_brand?post=27114"},{"taxonomy":"product_cat","embeddable":true,"href":"https:\/\/sundar.be\/fr\/wp-json\/wp\/v2\/product_cat?post=27114"},{"taxonomy":"product_tag","embeddable":true,"href":"https:\/\/sundar.be\/fr\/wp-json\/wp\/v2\/product_tag?post=27114"}],"curies":[{"name":"wp","href":"https:\/\/api.w.org\/{rel}","templated":true}]}}