{"id":26927,"date":"2023-02-27T13:50:13","date_gmt":"2023-02-27T12:50:13","guid":{"rendered":"https:\/\/sundar.be\/product\/solutions-nutrition-perfect-complexion-mask-10-stuks\/"},"modified":"2025-12-08T09:09:16","modified_gmt":"2025-12-08T08:09:16","slug":"solutions-nutrition-perfect-complexion-mask-10-stuks","status":"publish","type":"product","link":"https:\/\/sundar.be\/fr\/produit\/solutions-nutrition-perfect-complexion-mask-10-stuks\/","title":{"rendered":"Monteil SOLUTIONS Nutrition Perfect Complexion Mask"},"content":{"rendered":"<p>Le <span style=\"color: #557e96;\"><strong>SOLUTIONS Nutrition Perfect Complexion Mask <\/strong><\/span>est un masque visage intens\u00e9ment nourrissant et unifiant qui affine visiblement la texture de la peau tout en r\u00e9tablissant son hydratation. Gr\u00e2ce \u00e0 des extraits actifs tels que l\u2019Imperata Cylindrica, l\u2019extrait de plancton et des botanicals marins, ce masque aide \u00e0 renforcer la barri\u00e8re cutan\u00e9e, \u00e0 retenir l\u2019hydratation et \u00e0 am\u00e9liorer l\u2019uniformit\u00e9 du teint. Il apporte confort aux peaux fatigu\u00e9es, s\u00e8ches et stress\u00e9es, et offre un aspect frais, rebondi et lumineux.  <\/p>\n<p>&nbsp;<\/p>\n","protected":false},"excerpt":{"rendered":"<p data-start=\"757\" data-end=\"916\">Un masque nourrissant et hydratant qui renforce la barri\u00e8re cutan\u00e9e et affine le teint. Parfait pour ceux qui souhaitent une peau souple, rebondie et visiblement plus uniforme. <\/p>\n","protected":false},"featured_media":26926,"comment_status":"closed","ping_status":"closed","template":"","meta":{"_acf_changed":false},"product_brand":[],"product_cat":[5238,5241,2683,4920,2703,2976],"product_tag":[2716],"class_list":{"0":"post-26927","1":"product","2":"type-product","3":"status-publish","4":"has-post-thumbnail","6":"product_cat-tout-pour-visage-masques","7":"product_cat-masques-creme","8":"product_cat-monteil-fr","9":"product_cat-beaute-soins-du-visage","10":"product_cat-solutions-fr","11":"product_cat-monteil-solutions-nutrition-fr","12":"product_tag-monteil-fr","13":"pa_inhoud-cabine-200ml-fr","14":"pa_inhoud-vente-10x20ml","16":"first","17":"instock","18":"taxable","19":"shipping-taxable","20":"product-type-variable"},"acf":[],"_links":{"self":[{"href":"https:\/\/sundar.be\/fr\/wp-json\/wp\/v2\/product\/26927","targetHints":{"allow":["GET"]}}],"collection":[{"href":"https:\/\/sundar.be\/fr\/wp-json\/wp\/v2\/product"}],"about":[{"href":"https:\/\/sundar.be\/fr\/wp-json\/wp\/v2\/types\/product"}],"replies":[{"embeddable":true,"href":"https:\/\/sundar.be\/fr\/wp-json\/wp\/v2\/comments?post=26927"}],"wp:featuredmedia":[{"embeddable":true,"href":"https:\/\/sundar.be\/fr\/wp-json\/wp\/v2\/media\/26926"}],"wp:attachment":[{"href":"https:\/\/sundar.be\/fr\/wp-json\/wp\/v2\/media?parent=26927"}],"wp:term":[{"taxonomy":"product_brand","embeddable":true,"href":"https:\/\/sundar.be\/fr\/wp-json\/wp\/v2\/product_brand?post=26927"},{"taxonomy":"product_cat","embeddable":true,"href":"https:\/\/sundar.be\/fr\/wp-json\/wp\/v2\/product_cat?post=26927"},{"taxonomy":"product_tag","embeddable":true,"href":"https:\/\/sundar.be\/fr\/wp-json\/wp\/v2\/product_tag?post=26927"}],"curies":[{"name":"wp","href":"https:\/\/api.w.org\/{rel}","templated":true}]}}