{"id":26923,"date":"2023-02-27T13:44:55","date_gmt":"2023-02-27T12:44:55","guid":{"rendered":"https:\/\/sundar.be\/product\/solutions-sensitive-eye-creme-15ml\/"},"modified":"2025-12-08T09:12:06","modified_gmt":"2025-12-08T08:12:06","slug":"solutions-sensitive-eye-creme-15ml","status":"publish","type":"product","link":"https:\/\/sundar.be\/fr\/produit\/solutions-sensitive-eye-creme-15ml\/","title":{"rendered":"Monteil SOLUTIONS SENSITIVE Eye Creme, 15ml"},"content":{"rendered":"<p>La <span style=\"color: #557e96;\"><strong>SOLUTIONS Sensitive Eye Creme<\/strong><\/span> est une cr\u00e8me contour des yeux ultra-douce et non irritante, sp\u00e9cialement con\u00e7ue pour apaiser, hydrater et prot\u00e9ger la peau sensible du contour des yeux. La formule associe des actifs apaisants tels que le panth\u00e9nol, l\u2019acide hyaluronique et le 4-T-Butylcyclohexanol, un ingr\u00e9dient calmant, afin de r\u00e9duire les irritations et de soutenir la barri\u00e8re cutan\u00e9e. Sa texture l\u00e9g\u00e8re p\u00e9n\u00e8tre rapidement et laisse le contour des yeux frais, souple et confortable.  <\/p>\n<p>&nbsp;<\/p>\n","protected":false},"excerpt":{"rendered":"<p>Cette cr\u00e8me douce hydrate et apaise la peau sensible du contour des yeux, tout en r\u00e9duisant visiblement rougeurs et irritations. Id\u00e9ale pour une utilisation quotidienne gr\u00e2ce \u00e0 sa formule douce et respectueuse de la peau. <\/p>\n","protected":false},"featured_media":30230,"comment_status":"closed","ping_status":"closed","template":"","meta":{"_acf_changed":false},"product_brand":[],"product_cat":[2683,2703,2980],"product_tag":[2716],"class_list":{"0":"post-26923","1":"product","2":"type-product","3":"status-publish","4":"has-post-thumbnail","6":"product_cat-monteil-fr","7":"product_cat-solutions-fr","8":"product_cat-monteil-solutions-sensitive-fr","9":"product_tag-monteil-fr","10":"pa_inhoud-testeur-non-a-la-vente-15ml","11":"pa_inhoud-vente-15ml","13":"first","14":"instock","15":"taxable","16":"shipping-taxable","17":"product-type-variable"},"acf":[],"_links":{"self":[{"href":"https:\/\/sundar.be\/fr\/wp-json\/wp\/v2\/product\/26923","targetHints":{"allow":["GET"]}}],"collection":[{"href":"https:\/\/sundar.be\/fr\/wp-json\/wp\/v2\/product"}],"about":[{"href":"https:\/\/sundar.be\/fr\/wp-json\/wp\/v2\/types\/product"}],"replies":[{"embeddable":true,"href":"https:\/\/sundar.be\/fr\/wp-json\/wp\/v2\/comments?post=26923"}],"wp:featuredmedia":[{"embeddable":true,"href":"https:\/\/sundar.be\/fr\/wp-json\/wp\/v2\/media\/30230"}],"wp:attachment":[{"href":"https:\/\/sundar.be\/fr\/wp-json\/wp\/v2\/media?parent=26923"}],"wp:term":[{"taxonomy":"product_brand","embeddable":true,"href":"https:\/\/sundar.be\/fr\/wp-json\/wp\/v2\/product_brand?post=26923"},{"taxonomy":"product_cat","embeddable":true,"href":"https:\/\/sundar.be\/fr\/wp-json\/wp\/v2\/product_cat?post=26923"},{"taxonomy":"product_tag","embeddable":true,"href":"https:\/\/sundar.be\/fr\/wp-json\/wp\/v2\/product_tag?post=26923"}],"curies":[{"name":"wp","href":"https:\/\/api.w.org\/{rel}","templated":true}]}}