{"id":26892,"date":"2023-02-08T18:00:13","date_gmt":"2023-02-08T17:00:13","guid":{"rendered":"https:\/\/sundar.be\/product\/solutions-purifying-mask-10-stuks\/"},"modified":"2025-12-08T09:14:13","modified_gmt":"2025-12-08T08:14:13","slug":"solutions-purifying-mask","status":"publish","type":"product","link":"https:\/\/sundar.be\/fr\/produit\/solutions-purifying-mask\/","title":{"rendered":"Monteil SOLUTIONS Calm Purifying Mask"},"content":{"rendered":"<p data-start=\"217\" data-end=\"639\">Le <span style=\"color: #557e96;\"><strong>SOLUTIONS Calm Purifying Mask <\/strong><\/span>est un masque purifiant et apaisant doux qui nettoie la peau en profondeur sans la dess\u00e9cher. La combinaison d\u2019argile de kaolin, d\u2019extraits botaniques apaisants tels que la camomille et le calendula, ainsi que de bisabolol adoucissant, procure une peau propre, calme et confortable. Ce masque r\u00e9duit les rougeurs, soutient la barri\u00e8re cutan\u00e9e et laisse la peau fra\u00eeche, uniforme et parfaitement \u00e9quilibr\u00e9e.  <\/p>\n","protected":false},"excerpt":{"rendered":"<p>Un masque d\u2019argile doux et apaisant qui purifie sans irriter la peau. Id\u00e9al pour att\u00e9nuer les rougeurs et r\u00e9\u00e9quilibrer la peau pour un aspect frais et harmonieux. <\/p>\n","protected":false},"featured_media":26891,"comment_status":"closed","ping_status":"closed","template":"","meta":{"_acf_changed":false},"product_brand":[],"product_cat":[5238,5239,5241,2683,4920,2703,2978],"product_tag":[2716],"class_list":{"0":"post-26892","1":"product","2":"type-product","3":"status-publish","4":"has-post-thumbnail","6":"product_cat-tout-pour-visage-masques","7":"product_cat-masques-argile","8":"product_cat-masques-creme","9":"product_cat-monteil-fr","10":"product_cat-beaute-soins-du-visage","11":"product_cat-solutions-fr","12":"product_cat-monteil-solutions-calm-fr","13":"product_tag-monteil-fr","14":"pa_inhoud-cabine-200ml-fr","15":"pa_inhoud-vente-10x20ml","17":"first","18":"instock","19":"taxable","20":"shipping-taxable","21":"product-type-variable"},"acf":[],"_links":{"self":[{"href":"https:\/\/sundar.be\/fr\/wp-json\/wp\/v2\/product\/26892","targetHints":{"allow":["GET"]}}],"collection":[{"href":"https:\/\/sundar.be\/fr\/wp-json\/wp\/v2\/product"}],"about":[{"href":"https:\/\/sundar.be\/fr\/wp-json\/wp\/v2\/types\/product"}],"replies":[{"embeddable":true,"href":"https:\/\/sundar.be\/fr\/wp-json\/wp\/v2\/comments?post=26892"}],"wp:featuredmedia":[{"embeddable":true,"href":"https:\/\/sundar.be\/fr\/wp-json\/wp\/v2\/media\/26891"}],"wp:attachment":[{"href":"https:\/\/sundar.be\/fr\/wp-json\/wp\/v2\/media?parent=26892"}],"wp:term":[{"taxonomy":"product_brand","embeddable":true,"href":"https:\/\/sundar.be\/fr\/wp-json\/wp\/v2\/product_brand?post=26892"},{"taxonomy":"product_cat","embeddable":true,"href":"https:\/\/sundar.be\/fr\/wp-json\/wp\/v2\/product_cat?post=26892"},{"taxonomy":"product_tag","embeddable":true,"href":"https:\/\/sundar.be\/fr\/wp-json\/wp\/v2\/product_tag?post=26892"}],"curies":[{"name":"wp","href":"https:\/\/api.w.org\/{rel}","templated":true}]}}