{"id":26888,"date":"2023-02-08T17:56:21","date_gmt":"2023-02-08T16:56:21","guid":{"rendered":"https:\/\/sundar.be\/product\/professional-solutions-purifying-mask-200ml\/"},"modified":"2025-12-08T09:16:22","modified_gmt":"2025-12-08T08:16:22","slug":"professional-solutions-purifying-mask-200ml","status":"publish","type":"product","link":"https:\/\/sundar.be\/fr\/produit\/professional-solutions-purifying-mask-200ml\/","title":{"rendered":"Monteil SOLUTIONS Calm Purifying Mask, 200ml"},"content":{"rendered":"<p>Le <span style=\"color: #557e96;\"><strong>SOLUTIONS Calm Purifying Mask<\/strong><\/span> est un masque purifiant doux mais efficace qui \u00e9limine les impuret\u00e9s tout en apaisant la peau sensible. L\u2019argile douce de kaolin nettoie sans dess\u00e9cher, tandis que les extraits v\u00e9g\u00e9taux apaisants comme le calendula, la camomille et le bisabolol r\u00e9duisent les rougeurs et r\u00e9tablissent le confort cutan\u00e9. Le r\u00e9sultat : une peau fra\u00eeche, pure, douce et parfaitement \u00e9quilibr\u00e9e.  <\/p>\n<p>&nbsp;<\/p>\n","protected":false},"excerpt":{"rendered":"<p>Un masque d\u2019argile purifiant et apaisant qui r\u00e9duit les rougeurs et laisse la peau fra\u00eeche et confortable. Id\u00e9al pour les peaux sensibles souhaitant un nettoyage en profondeur. <\/p>\n","protected":false},"featured_media":26886,"comment_status":"closed","ping_status":"closed","template":"","meta":{"_acf_changed":false},"product_brand":[],"product_cat":[5238,5239,5241,2683,2707,4920],"product_tag":[2716],"class_list":{"0":"post-26888","1":"product","2":"type-product","3":"status-publish","4":"has-post-thumbnail","6":"product_cat-tout-pour-visage-masques","7":"product_cat-masques-argile","8":"product_cat-masques-creme","9":"product_cat-monteil-fr","10":"product_cat-monteil-professionals-fr","11":"product_cat-beaute-soins-du-visage","12":"product_tag-monteil-fr","14":"first","15":"instock","16":"taxable","17":"shipping-taxable","18":"product-type-simple"},"acf":[],"_links":{"self":[{"href":"https:\/\/sundar.be\/fr\/wp-json\/wp\/v2\/product\/26888","targetHints":{"allow":["GET"]}}],"collection":[{"href":"https:\/\/sundar.be\/fr\/wp-json\/wp\/v2\/product"}],"about":[{"href":"https:\/\/sundar.be\/fr\/wp-json\/wp\/v2\/types\/product"}],"replies":[{"embeddable":true,"href":"https:\/\/sundar.be\/fr\/wp-json\/wp\/v2\/comments?post=26888"}],"wp:featuredmedia":[{"embeddable":true,"href":"https:\/\/sundar.be\/fr\/wp-json\/wp\/v2\/media\/26886"}],"wp:attachment":[{"href":"https:\/\/sundar.be\/fr\/wp-json\/wp\/v2\/media?parent=26888"}],"wp:term":[{"taxonomy":"product_brand","embeddable":true,"href":"https:\/\/sundar.be\/fr\/wp-json\/wp\/v2\/product_brand?post=26888"},{"taxonomy":"product_cat","embeddable":true,"href":"https:\/\/sundar.be\/fr\/wp-json\/wp\/v2\/product_cat?post=26888"},{"taxonomy":"product_tag","embeddable":true,"href":"https:\/\/sundar.be\/fr\/wp-json\/wp\/v2\/product_tag?post=26888"}],"curies":[{"name":"wp","href":"https:\/\/api.w.org\/{rel}","templated":true}]}}