{"id":26782,"date":"2023-02-01T07:00:59","date_gmt":"2023-02-01T06:00:59","guid":{"rendered":"https:\/\/sundar.be\/?post_type=product&#038;p=26782"},"modified":"2025-12-08T09:20:00","modified_gmt":"2025-12-08T08:20:00","slug":"home-set-hydro-cell","status":"publish","type":"product","link":"https:\/\/sundar.be\/fr\/produit\/home-set-hydro-cell\/","title":{"rendered":"Monteil Home Set Hydro Cell"},"content":{"rendered":"<p><strong>Contenu: <\/strong><\/p>\n<ul>\n<li><span style=\"color: #557e96;\"><strong><a style=\"color: #557e96;\" href=\"https:\/\/sundar.be\/product\/hydro-cell-pro-active-cleanser\/\">Pro Active Cleanser<\/a><\/strong><\/span>, 100ml<\/li>\n<li><span style=\"color: #557e96;\"><strong><a style=\"color: #557e96;\" href=\"https:\/\/sundar.be\/fr\/produit\/hydro-cell-intensive-moisture-creme-day-night\/\">Hydro Cell Intensive Moisture Cream Day\/Night,<\/a><\/strong><\/span> 25 ml<\/li>\n<li>Hydro Cell <span style=\"color: #557e96;\"><a style=\"color: #557e96;\" href=\"https:\/\/sundar.be\/fr\/produit\/hydro-cell-age-defense-eye-creme\/\"><strong>Age Defense Eye Cream<\/strong><\/a><\/span>, 15 ml<\/li>\n<\/ul>\n<p>La gamme offre : Des soins hydratants anti-\u00e2ge gr\u00e2ce au pouvoir de l&rsquo;oc\u00e9an. Ces produits se distinguent par leur tr\u00e8s grande compatibilit\u00e9 et offrent une hydratation intensive.<\/p>\n","protected":false},"excerpt":{"rendered":"<p>D\u00e9couvrez les produits de la gamme HYDRO CELL dans ce coffret pratique.<\/p>\n","protected":false},"featured_media":26781,"comment_status":"closed","ping_status":"closed","template":"","meta":{"_acf_changed":false},"product_brand":[],"product_cat":[2685,2683],"product_tag":[2716],"class_list":{"0":"post-26782","1":"product","2":"type-product","3":"status-publish","4":"has-post-thumbnail","6":"product_cat-hydro-cell-fr","7":"product_cat-monteil-fr","8":"product_tag-monteil-fr","10":"first","11":"instock","12":"taxable","13":"shipping-taxable","14":"product-type-simple"},"acf":[],"_links":{"self":[{"href":"https:\/\/sundar.be\/fr\/wp-json\/wp\/v2\/product\/26782","targetHints":{"allow":["GET"]}}],"collection":[{"href":"https:\/\/sundar.be\/fr\/wp-json\/wp\/v2\/product"}],"about":[{"href":"https:\/\/sundar.be\/fr\/wp-json\/wp\/v2\/types\/product"}],"replies":[{"embeddable":true,"href":"https:\/\/sundar.be\/fr\/wp-json\/wp\/v2\/comments?post=26782"}],"wp:featuredmedia":[{"embeddable":true,"href":"https:\/\/sundar.be\/fr\/wp-json\/wp\/v2\/media\/26781"}],"wp:attachment":[{"href":"https:\/\/sundar.be\/fr\/wp-json\/wp\/v2\/media?parent=26782"}],"wp:term":[{"taxonomy":"product_brand","embeddable":true,"href":"https:\/\/sundar.be\/fr\/wp-json\/wp\/v2\/product_brand?post=26782"},{"taxonomy":"product_cat","embeddable":true,"href":"https:\/\/sundar.be\/fr\/wp-json\/wp\/v2\/product_cat?post=26782"},{"taxonomy":"product_tag","embeddable":true,"href":"https:\/\/sundar.be\/fr\/wp-json\/wp\/v2\/product_tag?post=26782"}],"curies":[{"name":"wp","href":"https:\/\/api.w.org\/{rel}","templated":true}]}}