{"id":26711,"date":"2023-01-19T15:27:52","date_gmt":"2023-01-19T14:27:52","guid":{"rendered":"https:\/\/sundar.be\/product\/lime-a-callosites-en-verre\/"},"modified":"2025-03-13T19:36:43","modified_gmt":"2025-03-13T18:36:43","slug":"glazen-eeltvijl","status":"publish","type":"product","link":"https:\/\/sundar.be\/fr\/produit\/glazen-eeltvijl\/","title":{"rendered":"Lime \u00e0 callosit\u00e9s en verre"},"content":{"rendered":"<p>Lime \u00e0 callosit\u00e9s en verre pour des r\u00e9sultats sensationnels et un traitement en douceur.<\/p>\n<ul>\n<li>Granulom\u00e9trie : moyenne\/fine<\/li>\n<li>Peut \u00eatre d\u00e9sinfect\u00e9 et st\u00e9rilis\u00e9 sans probl\u00e8me<\/li>\n<li>Tr\u00e8s doux pour la peau<\/li>\n<li>Deux surfaces de pon\u00e7age diff\u00e9rentes<\/li>\n<li>Dimensions : L:13,5 cm (surface du dossier 8,5 cm), L:2,5 cm, P : 0,6 cm<\/li>\n<\/ul>\n","protected":false},"excerpt":{"rendered":"<p>Lime \u00e0 callosit\u00e9s en verre avec 2 surfaces d&rsquo;usure diff\u00e9rentes<\/p>\n","protected":false},"featured_media":26710,"comment_status":"closed","ping_status":"closed","template":"","meta":{"_acf_changed":false},"product_brand":[],"product_cat":[4759,4755,1429],"product_tag":[2715],"class_list":{"0":"post-26711","1":"product","2":"type-product","3":"status-publish","4":"has-post-thumbnail","6":"product_cat-limes-de-pied","7":"product_cat-pedicure","8":"product_cat-pinces-instruments","9":"product_tag-lcn-fr","11":"first","12":"instock","13":"taxable","14":"shipping-taxable","15":"product-type-simple"},"acf":[],"_links":{"self":[{"href":"https:\/\/sundar.be\/fr\/wp-json\/wp\/v2\/product\/26711","targetHints":{"allow":["GET"]}}],"collection":[{"href":"https:\/\/sundar.be\/fr\/wp-json\/wp\/v2\/product"}],"about":[{"href":"https:\/\/sundar.be\/fr\/wp-json\/wp\/v2\/types\/product"}],"replies":[{"embeddable":true,"href":"https:\/\/sundar.be\/fr\/wp-json\/wp\/v2\/comments?post=26711"}],"wp:featuredmedia":[{"embeddable":true,"href":"https:\/\/sundar.be\/fr\/wp-json\/wp\/v2\/media\/26710"}],"wp:attachment":[{"href":"https:\/\/sundar.be\/fr\/wp-json\/wp\/v2\/media?parent=26711"}],"wp:term":[{"taxonomy":"product_brand","embeddable":true,"href":"https:\/\/sundar.be\/fr\/wp-json\/wp\/v2\/product_brand?post=26711"},{"taxonomy":"product_cat","embeddable":true,"href":"https:\/\/sundar.be\/fr\/wp-json\/wp\/v2\/product_cat?post=26711"},{"taxonomy":"product_tag","embeddable":true,"href":"https:\/\/sundar.be\/fr\/wp-json\/wp\/v2\/product_tag?post=26711"}],"curies":[{"name":"wp","href":"https:\/\/api.w.org\/{rel}","templated":true}]}}