{"id":26671,"date":"2023-01-19T12:47:14","date_gmt":"2023-01-19T11:47:14","guid":{"rendered":"https:\/\/sundar.be\/product\/kiwi-glowing-nail-shot-11ml\/"},"modified":"2025-12-18T08:12:54","modified_gmt":"2025-12-18T07:12:54","slug":"kiwi-glowing-nail-shot-11ml","status":"publish","type":"product","link":"https:\/\/sundar.be\/fr\/produit\/kiwi-glowing-nail-shot-11ml\/","title":{"rendered":"LCN Kiwi Glowing Nail Shot"},"content":{"rendered":"<p><span style=\"color: #557e96;\"><strong>Kiwi Glowing Nail Shot<\/strong><\/span> est un s\u00e9rum pour ongles l\u00e9ger et intens\u00e9ment nourrissant qui am\u00e9liore visiblement l\u2019\u00e9tat des ongles et des cuticules. Sa formule avanc\u00e9e \u00e0 base de provitamine B5, de prot\u00e9ines v\u00e9g\u00e9tales et de vitamines hydrate, renforce et soutient la croissance naturelle de l\u2019ongle, tout en pr\u00e9venant le dess\u00e8chement et le d\u00e9doublement. Sa texture g\u00e9lifi\u00e9e p\u00e9n\u00e8tre rapidement, adoucit instantan\u00e9ment les cuticules et apporte une brillance saine \u2014 pour des ongles forts, souples et naturellement beaux.  <\/p>\n<p>Id\u00e9al en combinaison avec la <span style=\"color: #557e96;\"><a style=\"color: #557e96;\" href=\"https:\/\/sundar.be\/product\/glow-up-hand-cream\/\"><strong>Glow-Up Hand Cream<\/strong><\/a><\/span><\/p>\n<p>&nbsp;<\/p>\n","protected":false},"excerpt":{"rendered":"<p>Un s\u00e9rum intensif qui renforce, hydrate et prot\u00e8ge les ongles contre la casse et le d\u00e9doublement. Favorise une croissance saine et une brillance naturelle durable. <\/p>\n","protected":false},"featured_media":49285,"comment_status":"closed","ping_status":"closed","template":"","meta":{"_acf_changed":false},"product_brand":[],"product_cat":[6229,4936,6231,4761,5085,6223,2772,5077,1467,4907,5058],"product_tag":[2715],"class_list":{"0":"post-26671","1":"product","2":"type-product","3":"status-publish","4":"has-post-thumbnail","6":"product_cat-lcn-soins-highlights","7":"product_cat-lcn-fr","8":"product_cat-lcn-soins-highlights-nails-shots","9":"product_cat-pose-ongles","10":"product_cat-manucure-serum-ongles","11":"product_cat-lcn-soins-des-ongles-soin-de-base","12":"product_cat-manucure-soin-mains","13":"product_cat-manucure-soin-des-ongles","14":"product_cat-lcn-soin-des-ongles","15":"product_cat-soins","16":"product_cat-webshop-fr","17":"product_tag-lcn-fr","18":"pa_inhoud-11-ml-fr","19":"pa_inhoud-30-ml-fr","21":"first","22":"instock","23":"taxable","24":"shipping-taxable","25":"product-type-variable"},"acf":[],"_links":{"self":[{"href":"https:\/\/sundar.be\/fr\/wp-json\/wp\/v2\/product\/26671","targetHints":{"allow":["GET"]}}],"collection":[{"href":"https:\/\/sundar.be\/fr\/wp-json\/wp\/v2\/product"}],"about":[{"href":"https:\/\/sundar.be\/fr\/wp-json\/wp\/v2\/types\/product"}],"replies":[{"embeddable":true,"href":"https:\/\/sundar.be\/fr\/wp-json\/wp\/v2\/comments?post=26671"}],"wp:featuredmedia":[{"embeddable":true,"href":"https:\/\/sundar.be\/fr\/wp-json\/wp\/v2\/media\/49285"}],"wp:attachment":[{"href":"https:\/\/sundar.be\/fr\/wp-json\/wp\/v2\/media?parent=26671"}],"wp:term":[{"taxonomy":"product_brand","embeddable":true,"href":"https:\/\/sundar.be\/fr\/wp-json\/wp\/v2\/product_brand?post=26671"},{"taxonomy":"product_cat","embeddable":true,"href":"https:\/\/sundar.be\/fr\/wp-json\/wp\/v2\/product_cat?post=26671"},{"taxonomy":"product_tag","embeddable":true,"href":"https:\/\/sundar.be\/fr\/wp-json\/wp\/v2\/product_tag?post=26671"}],"curies":[{"name":"wp","href":"https:\/\/api.w.org\/{rel}","templated":true}]}}