{"id":26666,"date":"2023-01-19T11:56:06","date_gmt":"2023-01-19T10:56:06","guid":{"rendered":"https:\/\/sundar.be\/product\/pineapple-refreshing-nail-shot-11ml\/"},"modified":"2025-12-18T08:29:25","modified_gmt":"2025-12-18T07:29:25","slug":"pineapple-refreshing-nail-shot-11ml","status":"publish","type":"product","link":"https:\/\/sundar.be\/fr\/produit\/pineapple-refreshing-nail-shot-11ml\/","title":{"rendered":"LCN Pineapple Refreshing Nail Shot"},"content":{"rendered":"<p><span style=\"color: #557e96;\"><strong>Pineapple Refreshing Nail Shot <\/strong><\/span>est un s\u00e9rum pour ongles rafra\u00eechissant et intensif qui aide \u00e0 r\u00e9parer et renforcer les ongles et cuticules ab\u00eem\u00e9s, secs ou fragilis\u00e9s. Sa texture l\u00e9g\u00e8re et rapidement absorb\u00e9e combine des actifs hydratants avec des extraits de fruits et de plantes pour des ongles plus sains, lisses et brillants. <\/p>\n<p>Ideal en combinaison avec le <span style=\"color: #557e96;\"><strong><a style=\"color: #557e96;\" href=\"https:\/\/sundar.be\/product\/protecting-hand-cream\/\">Protecting Hand Cream<\/a><\/strong><\/span><\/p>\n<p>&nbsp;<\/p>\n","protected":false},"excerpt":{"rendered":"<p data-start=\"391\" data-end=\"638\">Ce s\u00e9rum hydrate en profondeur, revitalise et renforce les ongles et cuticules pour une sensation imm\u00e9diate de fra\u00eecheur et de soin. Une utilisation r\u00e9guli\u00e8re am\u00e9liore visiblement les ongles cassants, d\u00e9doubl\u00e9s et ternes. <\/p>\n<p data-start=\"640\" data-end=\"840\">\n","protected":false},"featured_media":49269,"comment_status":"closed","ping_status":"closed","template":"","meta":{"_acf_changed":false},"product_brand":[],"product_cat":[6229,4936,6231,4761,5085,6223,5077,1467,4907,5058],"product_tag":[2715],"class_list":{"0":"post-26666","1":"product","2":"type-product","3":"status-publish","4":"has-post-thumbnail","6":"product_cat-lcn-soins-highlights","7":"product_cat-lcn-fr","8":"product_cat-lcn-soins-highlights-nails-shots","9":"product_cat-pose-ongles","10":"product_cat-manucure-serum-ongles","11":"product_cat-lcn-soins-des-ongles-soin-de-base","12":"product_cat-manucure-soin-des-ongles","13":"product_cat-lcn-soin-des-ongles","14":"product_cat-soins","15":"product_cat-webshop-fr","16":"product_tag-lcn-fr","17":"pa_inhoud-11-ml-fr","18":"pa_inhoud-30-ml-fr","20":"first","21":"instock","22":"taxable","23":"shipping-taxable","24":"product-type-variable"},"acf":[],"_links":{"self":[{"href":"https:\/\/sundar.be\/fr\/wp-json\/wp\/v2\/product\/26666","targetHints":{"allow":["GET"]}}],"collection":[{"href":"https:\/\/sundar.be\/fr\/wp-json\/wp\/v2\/product"}],"about":[{"href":"https:\/\/sundar.be\/fr\/wp-json\/wp\/v2\/types\/product"}],"replies":[{"embeddable":true,"href":"https:\/\/sundar.be\/fr\/wp-json\/wp\/v2\/comments?post=26666"}],"wp:featuredmedia":[{"embeddable":true,"href":"https:\/\/sundar.be\/fr\/wp-json\/wp\/v2\/media\/49269"}],"wp:attachment":[{"href":"https:\/\/sundar.be\/fr\/wp-json\/wp\/v2\/media?parent=26666"}],"wp:term":[{"taxonomy":"product_brand","embeddable":true,"href":"https:\/\/sundar.be\/fr\/wp-json\/wp\/v2\/product_brand?post=26666"},{"taxonomy":"product_cat","embeddable":true,"href":"https:\/\/sundar.be\/fr\/wp-json\/wp\/v2\/product_cat?post=26666"},{"taxonomy":"product_tag","embeddable":true,"href":"https:\/\/sundar.be\/fr\/wp-json\/wp\/v2\/product_tag?post=26666"}],"curies":[{"name":"wp","href":"https:\/\/api.w.org\/{rel}","templated":true}]}}