{"id":26662,"date":"2023-01-19T11:48:27","date_gmt":"2023-01-19T10:48:27","guid":{"rendered":"https:\/\/sundar.be\/product\/blueberry-hydrating-nail-shot-11ml\/"},"modified":"2025-12-18T08:12:12","modified_gmt":"2025-12-18T07:12:12","slug":"blueberry-hydrating-nail-shot-11ml","status":"publish","type":"product","link":"https:\/\/sundar.be\/fr\/produit\/blueberry-hydrating-nail-shot-11ml\/","title":{"rendered":"LCN Blueberry Hydrating Nail Shot"},"content":{"rendered":"<p><span style=\"color: #557e96;\"><strong>Blueberry Hydrating Nail Shot<\/strong><\/span> est un s\u00e9rum nourrissant pour les ongles qui r\u00e9pare et renforce les ongles cassants, secs et ternes pour une apparence saine et brillante. La formule riche en huile p\u00e9n\u00e8tre rapidement, nourrit la plaque de l&rsquo;ongle et les cuticules et aide \u00e0 restaurer la souplesse naturelle de l&rsquo;ongle. <\/p>\n<p>Id\u00e9al en combinaison avec la <a href=\"https:\/\/sundar.be\/product\/hydrating-hand-cream\/\"><strong><span style=\"color: #557e96;\">Hydrating Hand Cream<\/span><\/strong><\/a>.<\/p>\n","protected":false},"excerpt":{"rendered":"<p data-start=\"366\" data-end=\"632\">Ce s\u00e9rum nourrit et hydrate profond\u00e9ment les ongles, les rendant plus forts, plus lisses et visiblement plus brillants. Une utilisation r\u00e9guli\u00e8re revitalise les ongles ab\u00eem\u00e9s, d\u00e9doubl\u00e9s et ternes tout en restaurant leur beaut\u00e9 naturelle. <\/p>\n<p data-start=\"634\" data-end=\"826\">\n","protected":false},"featured_media":49247,"comment_status":"closed","ping_status":"closed","template":"","meta":{"_acf_changed":false},"product_brand":[],"product_cat":[6229,4936,6231,4761,5085,6223,5077,1467,4907,5058],"product_tag":[2715],"class_list":{"0":"post-26662","1":"product","2":"type-product","3":"status-publish","4":"has-post-thumbnail","6":"product_cat-lcn-soins-highlights","7":"product_cat-lcn-fr","8":"product_cat-lcn-soins-highlights-nails-shots","9":"product_cat-pose-ongles","10":"product_cat-manucure-serum-ongles","11":"product_cat-lcn-soins-des-ongles-soin-de-base","12":"product_cat-manucure-soin-des-ongles","13":"product_cat-lcn-soin-des-ongles","14":"product_cat-soins","15":"product_cat-webshop-fr","16":"product_tag-lcn-fr","17":"pa_inhoud-11-ml-fr","18":"pa_inhoud-30-ml-fr","20":"first","21":"instock","22":"taxable","23":"shipping-taxable","24":"product-type-variable"},"acf":[],"_links":{"self":[{"href":"https:\/\/sundar.be\/fr\/wp-json\/wp\/v2\/product\/26662","targetHints":{"allow":["GET"]}}],"collection":[{"href":"https:\/\/sundar.be\/fr\/wp-json\/wp\/v2\/product"}],"about":[{"href":"https:\/\/sundar.be\/fr\/wp-json\/wp\/v2\/types\/product"}],"replies":[{"embeddable":true,"href":"https:\/\/sundar.be\/fr\/wp-json\/wp\/v2\/comments?post=26662"}],"wp:featuredmedia":[{"embeddable":true,"href":"https:\/\/sundar.be\/fr\/wp-json\/wp\/v2\/media\/49247"}],"wp:attachment":[{"href":"https:\/\/sundar.be\/fr\/wp-json\/wp\/v2\/media?parent=26662"}],"wp:term":[{"taxonomy":"product_brand","embeddable":true,"href":"https:\/\/sundar.be\/fr\/wp-json\/wp\/v2\/product_brand?post=26662"},{"taxonomy":"product_cat","embeddable":true,"href":"https:\/\/sundar.be\/fr\/wp-json\/wp\/v2\/product_cat?post=26662"},{"taxonomy":"product_tag","embeddable":true,"href":"https:\/\/sundar.be\/fr\/wp-json\/wp\/v2\/product_tag?post=26662"}],"curies":[{"name":"wp","href":"https:\/\/api.w.org\/{rel}","templated":true}]}}