{"id":26657,"date":"2023-01-19T10:17:30","date_gmt":"2023-01-19T09:17:30","guid":{"rendered":"https:\/\/sundar.be\/product\/peach-cuti-scrub-11ml\/"},"modified":"2025-12-18T08:17:51","modified_gmt":"2025-12-18T07:17:51","slug":"peach-cuti-scrub-11ml","status":"publish","type":"product","link":"https:\/\/sundar.be\/fr\/produit\/peach-cuti-scrub-11ml\/","title":{"rendered":"LCN Peach Cuti Scrub"},"content":{"rendered":"<p><span style=\"color: #557e96;\"><strong>Peach Cuti Scrub<\/strong><\/span> est un s\u00e9rum pour cuticules rafra\u00eechissant avec un effet exfoliant doux qui lisse instantan\u00e9ment les cuticules s\u00e8ches et ab\u00eem\u00e9es. Sa texture gel unique exfolie d\u00e9licatement, \u00e9limine les petites peaux et hydrate en m\u00eame temps pour des ongles et des contours d\u2019ongles parfaitement soign\u00e9s. <\/p>\n<p>Id\u00e9al en combinaison avec la <span style=\"color: #557e96;\"><strong><a style=\"color: #557e96;\" href=\"https:\/\/sundar.be\/fr\/produit\/2in1-express-manicure-clean-peel\/\">2-in-1 Express Manicure &#8211; Clean &amp; Peel<\/a><\/strong><\/span><\/p>\n<p>&nbsp;<\/p>\n","protected":false},"excerpt":{"rendered":"<p data-start=\"342\" data-end=\"605\">Ce s\u00e9rum exfoliant pour cuticules exfolie en douceur, hydrate intens\u00e9ment et rend les contours de l\u2019ongle visiblement plus lisses et souples. Il aide \u00e0 r\u00e9parer les cuticules s\u00e8ches, rugueuses et irr\u00e9guli\u00e8res tout en apportant un aspect frais et soign\u00e9 aux ongles. <\/p>\n<p data-start=\"607\" data-end=\"837\">\n","protected":false},"featured_media":49233,"comment_status":"closed","ping_status":"closed","template":"","meta":{"_acf_changed":false},"product_brand":[],"product_cat":[5083,6229,4936,6231,4761,4968,6223,5077,1467,4907,5058],"product_tag":[2715],"class_list":{"0":"post-26657","1":"product","2":"type-product","3":"status-publish","4":"has-post-thumbnail","6":"product_cat-gommage-ongles","7":"product_cat-lcn-soins-highlights","8":"product_cat-lcn-fr","9":"product_cat-lcn-soins-highlights-nails-shots","10":"product_cat-pose-ongles","11":"product_cat-preparation-manucure","12":"product_cat-lcn-soins-des-ongles-soin-de-base","13":"product_cat-manucure-soin-des-ongles","14":"product_cat-lcn-soin-des-ongles","15":"product_cat-soins","16":"product_cat-webshop-fr","17":"product_tag-lcn-fr","18":"pa_inhoud-11-ml-fr","19":"pa_inhoud-30-ml-fr","21":"first","22":"instock","23":"taxable","24":"shipping-taxable","25":"product-type-variable"},"acf":[],"_links":{"self":[{"href":"https:\/\/sundar.be\/fr\/wp-json\/wp\/v2\/product\/26657","targetHints":{"allow":["GET"]}}],"collection":[{"href":"https:\/\/sundar.be\/fr\/wp-json\/wp\/v2\/product"}],"about":[{"href":"https:\/\/sundar.be\/fr\/wp-json\/wp\/v2\/types\/product"}],"replies":[{"embeddable":true,"href":"https:\/\/sundar.be\/fr\/wp-json\/wp\/v2\/comments?post=26657"}],"wp:featuredmedia":[{"embeddable":true,"href":"https:\/\/sundar.be\/fr\/wp-json\/wp\/v2\/media\/49233"}],"wp:attachment":[{"href":"https:\/\/sundar.be\/fr\/wp-json\/wp\/v2\/media?parent=26657"}],"wp:term":[{"taxonomy":"product_brand","embeddable":true,"href":"https:\/\/sundar.be\/fr\/wp-json\/wp\/v2\/product_brand?post=26657"},{"taxonomy":"product_cat","embeddable":true,"href":"https:\/\/sundar.be\/fr\/wp-json\/wp\/v2\/product_cat?post=26657"},{"taxonomy":"product_tag","embeddable":true,"href":"https:\/\/sundar.be\/fr\/wp-json\/wp\/v2\/product_tag?post=26657"}],"curies":[{"name":"wp","href":"https:\/\/api.w.org\/{rel}","templated":true}]}}