{"id":26651,"date":"2023-01-19T10:12:21","date_gmt":"2023-01-19T09:12:21","guid":{"rendered":"https:\/\/sundar.be\/product\/nail-shot-bar\/"},"modified":"2025-11-25T15:08:37","modified_gmt":"2025-11-25T14:08:37","slug":"nail-shot-bar","status":"publish","type":"product","link":"https:\/\/sundar.be\/fr\/produit\/nail-shot-bar\/","title":{"rendered":"LCN Nail Shot Bar"},"content":{"rendered":"<h2>Contenu de l&rsquo;\u00e9cran<\/h2>\n<ul>\n<li>4x <span style=\"color: #e53d65;\"><a style=\"color: #e53d65;\" href=\"https:\/\/sundar.be\/fr\/produit\/peach-cuti-scrub-11ml\/\"><strong>Peach Cuti Scrub<\/strong><\/a><\/span><\/li>\n<li>4x <span style=\"color: #6caeba;\"><a style=\"color: #6caeba;\" href=\"https:\/\/sundar.be\/fr\/produit\/blueberry-hydrating-nail-shot-11ml\/\"><strong>Blueberry Hydrating Nail Shot<\/strong><\/a><\/span><\/li>\n<li>4x <span style=\"color: #d4b925;\"><a style=\"color: #d4b925;\" href=\"https:\/\/sundar.be\/fr\/produit\/pineapple-refreshing-nail-shot-11ml\/\"><strong>Pineapple Refreshing Nail Shot<\/strong><\/a><\/span><\/li>\n<li>4x <span style=\"color: #65911d;\"><a style=\"color: #65911d;\" href=\"https:\/\/sundar.be\/fr\/produit\/kiwi-glowing-nail-shot-11ml\/\"><strong>Kiwi Glowing Nail Shot<\/strong><\/a><\/span><\/li>\n<li>4x <span style=\"color: #c77b33;\"><a style=\"color: #c77b33;\" href=\"https:\/\/sundar.be\/fr\/produit\/orange-vitamin-nail-shot-11ml-fr\/\"><strong>Orange Vitamin Nail Shot<\/strong><\/a><\/span><\/li>\n<\/ul>\n","protected":false},"excerpt":{"rendered":"<p>Pr\u00e9sentoir moderne pour le soin des ongles avec syst\u00e8me de suspension pour les clich\u00e9s d&rsquo;ongles.<\/p>\n","protected":false},"featured_media":26650,"comment_status":"closed","ping_status":"closed","template":"","meta":{"_acf_changed":false},"product_brand":[],"product_cat":[6229,4970,4936,6231,4761,1476,2772,1467,4907],"product_tag":[2715],"class_list":{"0":"post-26651","1":"product","2":"type-product","3":"status-publish","4":"has-post-thumbnail","6":"product_cat-lcn-soins-highlights","7":"product_cat-manucure-huiles-ongles","8":"product_cat-lcn-fr","9":"product_cat-lcn-soins-highlights-nails-shots","10":"product_cat-pose-ongles","11":"product_cat-sets-presentoires","12":"product_cat-manucure-soin-mains","13":"product_cat-lcn-soin-des-ongles","14":"product_cat-soins","15":"product_tag-lcn-fr","17":"first","18":"instock","19":"taxable","20":"shipping-taxable","21":"product-type-simple"},"acf":[],"_links":{"self":[{"href":"https:\/\/sundar.be\/fr\/wp-json\/wp\/v2\/product\/26651","targetHints":{"allow":["GET"]}}],"collection":[{"href":"https:\/\/sundar.be\/fr\/wp-json\/wp\/v2\/product"}],"about":[{"href":"https:\/\/sundar.be\/fr\/wp-json\/wp\/v2\/types\/product"}],"replies":[{"embeddable":true,"href":"https:\/\/sundar.be\/fr\/wp-json\/wp\/v2\/comments?post=26651"}],"wp:featuredmedia":[{"embeddable":true,"href":"https:\/\/sundar.be\/fr\/wp-json\/wp\/v2\/media\/26650"}],"wp:attachment":[{"href":"https:\/\/sundar.be\/fr\/wp-json\/wp\/v2\/media?parent=26651"}],"wp:term":[{"taxonomy":"product_brand","embeddable":true,"href":"https:\/\/sundar.be\/fr\/wp-json\/wp\/v2\/product_brand?post=26651"},{"taxonomy":"product_cat","embeddable":true,"href":"https:\/\/sundar.be\/fr\/wp-json\/wp\/v2\/product_cat?post=26651"},{"taxonomy":"product_tag","embeddable":true,"href":"https:\/\/sundar.be\/fr\/wp-json\/wp\/v2\/product_tag?post=26651"}],"curies":[{"name":"wp","href":"https:\/\/api.w.org\/{rel}","templated":true}]}}