{"id":26301,"date":"2023-01-11T17:45:14","date_gmt":"2023-01-11T16:45:14","guid":{"rendered":"https:\/\/sundar.be\/product\/solutions-moisture-intense-comfort-mask-10-stuks\/"},"modified":"2025-12-08T09:28:24","modified_gmt":"2025-12-08T08:28:24","slug":"solutions-moisture-intense-comfort-mask-10-stuks","status":"publish","type":"product","link":"https:\/\/sundar.be\/fr\/produit\/solutions-moisture-intense-comfort-mask-10-stuks\/","title":{"rendered":"Monteil SOLUTIONS Moisture Intense Comfort Mask"},"content":{"rendered":"<p>Le <span style=\"color: #557e96;\"><strong>SOLUTIONS Moisture Intense Comfort Mask<\/strong><\/span> est un masque nourrissant et intens\u00e9ment hydratant qui apaise, adoucit et redonne imm\u00e9diatement du confort \u00e0 la peau. Sa texture cr\u00e9meuse, riche sans \u00eatre lourde, associe de puissants agents hydratants tels que le panth\u00e9nol, l\u2019Imperata Cylindrica et le Sodium PCA \u00e0 des extraits marins revitalisants et renfor\u00e7ants. Id\u00e9al pour les peaux tiraill\u00e9es, d\u00e9shydrat\u00e9es ou stress\u00e9es ayant besoin d\u2019un soulagement instantan\u00e9 et d\u2019une hydratation durable.  <\/p>\n","protected":false},"excerpt":{"rendered":"<p>Un masque intens\u00e9ment hydratant et apaisant qui restaure la barri\u00e8re cutan\u00e9e et procure un confort imm\u00e9diat. Parfait pour les peaux s\u00e8ches, sensibles ou fatigu\u00e9es n\u00e9cessitant une nutrition suppl\u00e9mentaire. <\/p>\n","protected":false},"featured_media":26298,"comment_status":"closed","ping_status":"closed","template":"","meta":{"_acf_changed":false},"product_brand":[],"product_cat":[5238,5241,2683,4920,2703,2973],"product_tag":[2716],"class_list":{"0":"post-26301","1":"product","2":"type-product","3":"status-publish","4":"has-post-thumbnail","6":"product_cat-tout-pour-visage-masques","7":"product_cat-masques-creme","8":"product_cat-monteil-fr","9":"product_cat-beaute-soins-du-visage","10":"product_cat-solutions-fr","11":"product_cat-monteil-solutions-moisture-fr","12":"product_tag-monteil-fr","13":"pa_inhoud-cabine-200ml-fr","14":"pa_inhoud-vente-10x20ml","16":"first","17":"instock","18":"taxable","19":"shipping-taxable","20":"product-type-variable"},"acf":[],"_links":{"self":[{"href":"https:\/\/sundar.be\/fr\/wp-json\/wp\/v2\/product\/26301","targetHints":{"allow":["GET"]}}],"collection":[{"href":"https:\/\/sundar.be\/fr\/wp-json\/wp\/v2\/product"}],"about":[{"href":"https:\/\/sundar.be\/fr\/wp-json\/wp\/v2\/types\/product"}],"replies":[{"embeddable":true,"href":"https:\/\/sundar.be\/fr\/wp-json\/wp\/v2\/comments?post=26301"}],"wp:featuredmedia":[{"embeddable":true,"href":"https:\/\/sundar.be\/fr\/wp-json\/wp\/v2\/media\/26298"}],"wp:attachment":[{"href":"https:\/\/sundar.be\/fr\/wp-json\/wp\/v2\/media?parent=26301"}],"wp:term":[{"taxonomy":"product_brand","embeddable":true,"href":"https:\/\/sundar.be\/fr\/wp-json\/wp\/v2\/product_brand?post=26301"},{"taxonomy":"product_cat","embeddable":true,"href":"https:\/\/sundar.be\/fr\/wp-json\/wp\/v2\/product_cat?post=26301"},{"taxonomy":"product_tag","embeddable":true,"href":"https:\/\/sundar.be\/fr\/wp-json\/wp\/v2\/product_tag?post=26301"}],"curies":[{"name":"wp","href":"https:\/\/api.w.org\/{rel}","templated":true}]}}