{"id":26289,"date":"2023-01-11T17:05:43","date_gmt":"2023-01-11T16:05:43","guid":{"rendered":"https:\/\/sundar.be\/product\/sensitive-micellar-foam-cleanser-150ml\/"},"modified":"2025-12-08T09:34:24","modified_gmt":"2025-12-08T08:34:24","slug":"sensitive-micellar-foam-cleanser-150ml","status":"publish","type":"product","link":"https:\/\/sundar.be\/fr\/produit\/sensitive-micellar-foam-cleanser-150ml\/","title":{"rendered":"Monteil CLEANSING Sensitive Micellar Foam, 150ml"},"content":{"rendered":"<p>La <span style=\"color: #557e96;\"><strong>CLEANSING Sensitive Micellar Foam<\/strong><\/span> est une mousse nettoyante ultra-douce qui \u00e9limine maquillage, s\u00e9bum et impuret\u00e9s sans irriter la peau. Sa formule associe des agents nettoyants doux et respectueux de la peau \u00e0 des ingr\u00e9dients apaisants et hydratants tels que le panth\u00e9nol, la glyc\u00e9rine et l\u2019allanto\u00efne, laissant m\u00eame les peaux les plus sensibles fra\u00eeches et confortables. Sa mousse a\u00e9rienne nettoie en profondeur tout en respectant la barri\u00e8re cutan\u00e9e, pour une peau pure, douce et parfaitement \u00e9quilibr\u00e9e.  <\/p>\n<p>&nbsp;<\/p>\n","protected":false},"excerpt":{"rendered":"<p>Une mousse micellaire douce qui nettoie efficacement sans dess\u00e9cher ni irriter la peau. Parfaite pour le nettoyage quotidien des peaux sensibles. <\/p>\n","protected":false},"featured_media":26288,"comment_status":"closed","ping_status":"closed","template":"","meta":{"_acf_changed":false},"product_brand":[],"product_cat":[2683,2693,4921,4920,2703],"product_tag":[2716],"class_list":{"0":"post-26289","1":"product","2":"type-product","3":"status-publish","4":"has-post-thumbnail","6":"product_cat-monteil-fr","7":"product_cat-monteil-nettoyage-exfoliation","8":"product_cat-beaute-nettoyage-exfoliation","9":"product_cat-beaute-soins-du-visage","10":"product_cat-solutions-fr","11":"product_tag-monteil-fr","12":"pa_inhoud-testeur-non-a-la-vente150ml","13":"pa_inhoud-vente-150ml","15":"first","16":"instock","17":"taxable","18":"shipping-taxable","19":"product-type-variable"},"acf":[],"_links":{"self":[{"href":"https:\/\/sundar.be\/fr\/wp-json\/wp\/v2\/product\/26289","targetHints":{"allow":["GET"]}}],"collection":[{"href":"https:\/\/sundar.be\/fr\/wp-json\/wp\/v2\/product"}],"about":[{"href":"https:\/\/sundar.be\/fr\/wp-json\/wp\/v2\/types\/product"}],"replies":[{"embeddable":true,"href":"https:\/\/sundar.be\/fr\/wp-json\/wp\/v2\/comments?post=26289"}],"wp:featuredmedia":[{"embeddable":true,"href":"https:\/\/sundar.be\/fr\/wp-json\/wp\/v2\/media\/26288"}],"wp:attachment":[{"href":"https:\/\/sundar.be\/fr\/wp-json\/wp\/v2\/media?parent=26289"}],"wp:term":[{"taxonomy":"product_brand","embeddable":true,"href":"https:\/\/sundar.be\/fr\/wp-json\/wp\/v2\/product_brand?post=26289"},{"taxonomy":"product_cat","embeddable":true,"href":"https:\/\/sundar.be\/fr\/wp-json\/wp\/v2\/product_cat?post=26289"},{"taxonomy":"product_tag","embeddable":true,"href":"https:\/\/sundar.be\/fr\/wp-json\/wp\/v2\/product_tag?post=26289"}],"curies":[{"name":"wp","href":"https:\/\/api.w.org\/{rel}","templated":true}]}}