{"id":26097,"date":"2022-12-07T14:15:21","date_gmt":"2022-12-07T13:15:21","guid":{"rendered":"https:\/\/sundar.be\/product\/acrylic-sculpting-brush-size-8\/"},"modified":"2025-11-25T15:08:38","modified_gmt":"2025-11-25T14:08:38","slug":"acrylic-sculpting-brush-size-8","status":"publish","type":"product","link":"https:\/\/sundar.be\/fr\/produit\/acrylic-sculpting-brush-size-8\/","title":{"rendered":"LCN Acrylic Sculpting Brush, size 8"},"content":{"rendered":"<p>Pinceau v\u00e9g\u00e9talien en poils synth\u00e9tiques pour l&rsquo;application de l&rsquo;acrylique.<\/p>\n","protected":false},"excerpt":{"rendered":"<p>Pinceau v\u00e9g\u00e9talien en poils synth\u00e9tiques pour l&rsquo;application de l&rsquo;acrylique.<\/p>\n","protected":false},"featured_media":26096,"comment_status":"closed","ping_status":"closed","template":"","meta":{"_acf_changed":false},"product_brand":[],"product_cat":[4936,1532,4949,5010,1533,5618,4761],"product_tag":[2715],"class_list":{"0":"post-26097","1":"product","2":"type-product","3":"status-publish","4":"has-post-thumbnail","6":"product_cat-lcn-fr","7":"product_cat-materiels","8":"product_cat-lcn-ongles-artificiels","9":"product_cat-manucure-pinceaux","10":"product_cat-pinceaux","11":"product_cat-pinceaux-acryl","12":"product_cat-pose-ongles","13":"product_tag-lcn-fr","15":"first","16":"instock","17":"taxable","18":"shipping-taxable","19":"product-type-simple"},"acf":[],"_links":{"self":[{"href":"https:\/\/sundar.be\/fr\/wp-json\/wp\/v2\/product\/26097","targetHints":{"allow":["GET"]}}],"collection":[{"href":"https:\/\/sundar.be\/fr\/wp-json\/wp\/v2\/product"}],"about":[{"href":"https:\/\/sundar.be\/fr\/wp-json\/wp\/v2\/types\/product"}],"replies":[{"embeddable":true,"href":"https:\/\/sundar.be\/fr\/wp-json\/wp\/v2\/comments?post=26097"}],"wp:featuredmedia":[{"embeddable":true,"href":"https:\/\/sundar.be\/fr\/wp-json\/wp\/v2\/media\/26096"}],"wp:attachment":[{"href":"https:\/\/sundar.be\/fr\/wp-json\/wp\/v2\/media?parent=26097"}],"wp:term":[{"taxonomy":"product_brand","embeddable":true,"href":"https:\/\/sundar.be\/fr\/wp-json\/wp\/v2\/product_brand?post=26097"},{"taxonomy":"product_cat","embeddable":true,"href":"https:\/\/sundar.be\/fr\/wp-json\/wp\/v2\/product_cat?post=26097"},{"taxonomy":"product_tag","embeddable":true,"href":"https:\/\/sundar.be\/fr\/wp-json\/wp\/v2\/product_tag?post=26097"}],"curies":[{"name":"wp","href":"https:\/\/api.w.org\/{rel}","templated":true}]}}