{"id":26070,"date":"2021-10-13T20:20:20","date_gmt":"2021-10-13T18:20:20","guid":{"rendered":"https:\/\/sundar.be\/product\/protech-1-gel-brush-size-8-black\/"},"modified":"2025-11-25T15:22:04","modified_gmt":"2025-11-25T14:22:04","slug":"protech-1-gel-brush-size-8-black","status":"publish","type":"product","link":"https:\/\/sundar.be\/fr\/produit\/protech-1-gel-brush-size-8-black\/","title":{"rendered":"LCN Protech 1 Gel brush, size 8 black"},"content":{"rendered":"<p>Le pinceau permet un modelage plus souple et une application pr\u00e9cise des gels \u00e0 polym\u00e9risation l\u00e9g\u00e8re.<br \/>\nId\u00e9al pour l\u2019application des gels color\u00e9s.<\/p>\n","protected":false},"excerpt":{"rendered":"<p>Le pinceau permet un modelage plus souple et une application pr\u00e9cise des gels \u00e0 polym\u00e9risation l\u00e9g\u00e8re. Id\u00e9al pour l\u2019application des gels color\u00e9s.<\/p>\n","protected":false},"featured_media":26074,"comment_status":"closed","ping_status":"closed","template":"","meta":{"_acf_changed":false},"product_brand":[],"product_cat":[4936,1532,4949,1533,5010,5619,4761],"product_tag":[2715],"class_list":{"0":"post-26070","1":"product","2":"type-product","3":"status-publish","4":"has-post-thumbnail","6":"product_cat-lcn-fr","7":"product_cat-materiels","8":"product_cat-lcn-ongles-artificiels","9":"product_cat-pinceaux","10":"product_cat-manucure-pinceaux","11":"product_cat-pinceaux-gel","12":"product_cat-pose-ongles","13":"product_tag-lcn-fr","15":"first","16":"instock","17":"taxable","18":"shipping-taxable","19":"product-type-simple"},"acf":[],"_links":{"self":[{"href":"https:\/\/sundar.be\/fr\/wp-json\/wp\/v2\/product\/26070","targetHints":{"allow":["GET"]}}],"collection":[{"href":"https:\/\/sundar.be\/fr\/wp-json\/wp\/v2\/product"}],"about":[{"href":"https:\/\/sundar.be\/fr\/wp-json\/wp\/v2\/types\/product"}],"replies":[{"embeddable":true,"href":"https:\/\/sundar.be\/fr\/wp-json\/wp\/v2\/comments?post=26070"}],"wp:featuredmedia":[{"embeddable":true,"href":"https:\/\/sundar.be\/fr\/wp-json\/wp\/v2\/media\/26074"}],"wp:attachment":[{"href":"https:\/\/sundar.be\/fr\/wp-json\/wp\/v2\/media?parent=26070"}],"wp:term":[{"taxonomy":"product_brand","embeddable":true,"href":"https:\/\/sundar.be\/fr\/wp-json\/wp\/v2\/product_brand?post=26070"},{"taxonomy":"product_cat","embeddable":true,"href":"https:\/\/sundar.be\/fr\/wp-json\/wp\/v2\/product_cat?post=26070"},{"taxonomy":"product_tag","embeddable":true,"href":"https:\/\/sundar.be\/fr\/wp-json\/wp\/v2\/product_tag?post=26070"}],"curies":[{"name":"wp","href":"https:\/\/api.w.org\/{rel}","templated":true}]}}