{"id":25564,"date":"2022-10-25T15:42:16","date_gmt":"2022-10-25T13:42:16","guid":{"rendered":"https:\/\/sundar.be\/product\/orange-vitamin-nail-shot-11ml-fr\/"},"modified":"2025-12-18T08:17:25","modified_gmt":"2025-12-18T07:17:25","slug":"orange-vitamin-nail-shot-11ml-fr","status":"publish","type":"product","link":"https:\/\/sundar.be\/fr\/produit\/orange-vitamin-nail-shot-11ml-fr\/","title":{"rendered":"LCN Orange Vitamin Nail Shot"},"content":{"rendered":"<p><span style=\"color: #557e96;\"><strong>Orange Vitamin Nail Shot<\/strong><\/span> est un s\u00e9rum pour ongles puissant et nourrissant qui renforce et revitalise visiblement les ongles secs, cassants et fragilis\u00e9s. Sa texture gel l\u00e9g\u00e8re est rapidement absorb\u00e9e et offre un boost vitamin\u00e9 aux ongles et cuticules pour une apparence saine, brillante et parfaitement soign\u00e9e. <\/p>\n<p>Id\u00e9al en combinaison avec la <span style=\"color: #557e96;\"><a style=\"color: #557e96;\" href=\"https:\/\/sundar.be\/fr\/produit\/vitamin-hand-cream\/\"><strong>Vitamin Hand Cream<\/strong><\/a><\/span><\/p>\n<p>&nbsp;<\/p>\n","protected":false},"excerpt":{"rendered":"<p data-start=\"342\" data-end=\"598\">Ce s\u00e9rum pour ongles hydrate intens\u00e9ment, renforce et prot\u00e8ge gr\u00e2ce \u00e0 un m\u00e9lange puissant de vitamines et d\u2019huiles v\u00e9g\u00e9tales. Une utilisation r\u00e9guli\u00e8re aide \u00e0 restaurer les ongles cassants, ternes et affaiblis, tout en leur redonnant \u00e9clat et r\u00e9sistance. <\/p>\n<p data-start=\"600\" data-end=\"822\">\n","protected":false},"featured_media":49259,"comment_status":"closed","ping_status":"closed","template":"","meta":{"_acf_changed":false},"product_brand":[],"product_cat":[6229,4936,6231,4761,5085,6223,5077,1467,4907,5058],"product_tag":[2715],"class_list":{"0":"post-25564","1":"product","2":"type-product","3":"status-publish","4":"has-post-thumbnail","6":"product_cat-lcn-soins-highlights","7":"product_cat-lcn-fr","8":"product_cat-lcn-soins-highlights-nails-shots","9":"product_cat-pose-ongles","10":"product_cat-manucure-serum-ongles","11":"product_cat-lcn-soins-des-ongles-soin-de-base","12":"product_cat-manucure-soin-des-ongles","13":"product_cat-lcn-soin-des-ongles","14":"product_cat-soins","15":"product_cat-webshop-fr","16":"product_tag-lcn-fr","17":"pa_inhoud-11-ml-fr","18":"pa_inhoud-30-ml-fr","20":"first","21":"instock","22":"taxable","23":"shipping-taxable","24":"product-type-variable"},"acf":[],"_links":{"self":[{"href":"https:\/\/sundar.be\/fr\/wp-json\/wp\/v2\/product\/25564","targetHints":{"allow":["GET"]}}],"collection":[{"href":"https:\/\/sundar.be\/fr\/wp-json\/wp\/v2\/product"}],"about":[{"href":"https:\/\/sundar.be\/fr\/wp-json\/wp\/v2\/types\/product"}],"replies":[{"embeddable":true,"href":"https:\/\/sundar.be\/fr\/wp-json\/wp\/v2\/comments?post=25564"}],"wp:featuredmedia":[{"embeddable":true,"href":"https:\/\/sundar.be\/fr\/wp-json\/wp\/v2\/media\/49259"}],"wp:attachment":[{"href":"https:\/\/sundar.be\/fr\/wp-json\/wp\/v2\/media?parent=25564"}],"wp:term":[{"taxonomy":"product_brand","embeddable":true,"href":"https:\/\/sundar.be\/fr\/wp-json\/wp\/v2\/product_brand?post=25564"},{"taxonomy":"product_cat","embeddable":true,"href":"https:\/\/sundar.be\/fr\/wp-json\/wp\/v2\/product_cat?post=25564"},{"taxonomy":"product_tag","embeddable":true,"href":"https:\/\/sundar.be\/fr\/wp-json\/wp\/v2\/product_tag?post=25564"}],"curies":[{"name":"wp","href":"https:\/\/api.w.org\/{rel}","templated":true}]}}