{"id":25476,"date":"2022-09-28T12:42:18","date_gmt":"2022-09-28T10:42:18","guid":{"rendered":"https:\/\/sundar.be\/product\/solutions-sensitive-creme-24h-fr\/"},"modified":"2025-12-08T09:40:14","modified_gmt":"2025-12-08T08:40:14","slug":"solutions-sensitive-creme-24h-fr","status":"publish","type":"product","link":"https:\/\/sundar.be\/fr\/produit\/solutions-sensitive-creme-24h-fr\/","title":{"rendered":"Monteil SOLUTIONS SENSITIVE Creme 24H, 50ml"},"content":{"rendered":"<p>La <span style=\"color: #557e96;\"><strong>SOLUTIONS SENSITIVE Cr\u00e8me 24H<\/strong><\/span> est un soin ultra-doux, intens\u00e9ment hydratant et r\u00e9parateur de la barri\u00e8re cutan\u00e9e, sp\u00e9cialement formul\u00e9 pour les peaux sensibles. Sa formule associe des ingr\u00e9dients apaisants et protecteurs tels que le bisabolol, le 4-T-Butylcyclohexanol et l\u2019allanto\u00efne \u00e0 des lipides nourrissants comme le beurre de karit\u00e9, le squalane et les st\u00e9rols de brassica. Cette cr\u00e8me offre 24 heures de confort, r\u00e9duit les rougeurs et irritations, et renforce la barri\u00e8re cutan\u00e9e pour un teint apais\u00e9, souple et \u00e9quilibr\u00e9.  <\/p>\n","protected":false},"excerpt":{"rendered":"<p>Une cr\u00e8me 24 heures qui hydrate intens\u00e9ment, apaise et prot\u00e8ge les peaux sensibles. Parfaite pour r\u00e9duire les rougeurs et restaurer la barri\u00e8re cutan\u00e9e naturelle. <\/p>\n","protected":false},"featured_media":25229,"comment_status":"closed","ping_status":"closed","template":"","meta":{"_acf_changed":false},"product_brand":[],"product_cat":[2683,2703,2980],"product_tag":[2716],"class_list":{"0":"post-25476","1":"product","2":"type-product","3":"status-publish","4":"has-post-thumbnail","6":"product_cat-monteil-fr","7":"product_cat-solutions-fr","8":"product_cat-monteil-solutions-sensitive-fr","9":"product_tag-monteil-fr","10":"pa_inhoud-testeur-non-a-la-vente-50ml","11":"pa_inhoud-vente-50ml","13":"first","14":"instock","15":"taxable","16":"shipping-taxable","17":"product-type-variable"},"acf":[],"_links":{"self":[{"href":"https:\/\/sundar.be\/fr\/wp-json\/wp\/v2\/product\/25476","targetHints":{"allow":["GET"]}}],"collection":[{"href":"https:\/\/sundar.be\/fr\/wp-json\/wp\/v2\/product"}],"about":[{"href":"https:\/\/sundar.be\/fr\/wp-json\/wp\/v2\/types\/product"}],"replies":[{"embeddable":true,"href":"https:\/\/sundar.be\/fr\/wp-json\/wp\/v2\/comments?post=25476"}],"wp:featuredmedia":[{"embeddable":true,"href":"https:\/\/sundar.be\/fr\/wp-json\/wp\/v2\/media\/25229"}],"wp:attachment":[{"href":"https:\/\/sundar.be\/fr\/wp-json\/wp\/v2\/media?parent=25476"}],"wp:term":[{"taxonomy":"product_brand","embeddable":true,"href":"https:\/\/sundar.be\/fr\/wp-json\/wp\/v2\/product_brand?post=25476"},{"taxonomy":"product_cat","embeddable":true,"href":"https:\/\/sundar.be\/fr\/wp-json\/wp\/v2\/product_cat?post=25476"},{"taxonomy":"product_tag","embeddable":true,"href":"https:\/\/sundar.be\/fr\/wp-json\/wp\/v2\/product_tag?post=25476"}],"curies":[{"name":"wp","href":"https:\/\/api.w.org\/{rel}","templated":true}]}}