{"id":25234,"date":"2022-09-28T12:52:09","date_gmt":"2022-09-28T10:52:09","guid":{"rendered":"https:\/\/sundar.be\/product\/solutions-calm-anti-stress-creme-50ml-fr\/"},"modified":"2025-12-08T09:37:16","modified_gmt":"2025-12-08T08:37:16","slug":"solutions-calm-anti-stress-creme-50ml-fr","status":"publish","type":"product","link":"https:\/\/sundar.be\/fr\/produit\/solutions-calm-anti-stress-creme-50ml-fr\/","title":{"rendered":"Monteil SOLUTIONS CALM Anti-Stress Creme, 50ml"},"content":{"rendered":"<p>La<span style=\"color: #557e96;\"><strong> SOLUTIONS CALM Anti-Stress Cr\u00e8me <\/strong><\/span>est une cr\u00e8me visage intens\u00e9ment apaisante qui r\u00e9duit les rougeurs, irritations et r\u00e9actions de stress cutan\u00e9. Enrichie en puissants extraits botaniques tels qu\u2019Albatrellus Confluens, Cardiospermum et huile d\u2019Echium, elle restaure, nourrit et prot\u00e8ge la barri\u00e8re cutan\u00e9e. Sa texture cr\u00e9meuse mais non grasse procure un confort imm\u00e9diat et laisse la peau plus douce, souple et visiblement moins r\u00e9active.  <\/p>\n<p>&nbsp;<\/p>\n","protected":false},"excerpt":{"rendered":"<p>Une cr\u00e8me anti-stress nourrissante qui r\u00e9duit rougeurs et irritations tout en renfor\u00e7ant la barri\u00e8re cutan\u00e9e. Id\u00e9ale pour les peaux sensibles, stress\u00e9es ou r\u00e9actives ayant besoin d\u2019\u00e9quilibre et de confort. <\/p>\n","protected":false},"featured_media":30561,"comment_status":"closed","ping_status":"closed","template":"","meta":{"_acf_changed":false},"product_brand":[],"product_cat":[2683,2703,2978],"product_tag":[2716],"class_list":{"0":"post-25234","1":"product","2":"type-product","3":"status-publish","4":"has-post-thumbnail","6":"product_cat-monteil-fr","7":"product_cat-solutions-fr","8":"product_cat-monteil-solutions-calm-fr","9":"product_tag-monteil-fr","10":"pa_inhoud-testeur-non-a-la-vente-50ml","11":"pa_inhoud-vente-50ml","13":"first","14":"instock","15":"taxable","16":"shipping-taxable","17":"product-type-variable"},"acf":[],"_links":{"self":[{"href":"https:\/\/sundar.be\/fr\/wp-json\/wp\/v2\/product\/25234","targetHints":{"allow":["GET"]}}],"collection":[{"href":"https:\/\/sundar.be\/fr\/wp-json\/wp\/v2\/product"}],"about":[{"href":"https:\/\/sundar.be\/fr\/wp-json\/wp\/v2\/types\/product"}],"replies":[{"embeddable":true,"href":"https:\/\/sundar.be\/fr\/wp-json\/wp\/v2\/comments?post=25234"}],"wp:featuredmedia":[{"embeddable":true,"href":"https:\/\/sundar.be\/fr\/wp-json\/wp\/v2\/media\/30561"}],"wp:attachment":[{"href":"https:\/\/sundar.be\/fr\/wp-json\/wp\/v2\/media?parent=25234"}],"wp:term":[{"taxonomy":"product_brand","embeddable":true,"href":"https:\/\/sundar.be\/fr\/wp-json\/wp\/v2\/product_brand?post=25234"},{"taxonomy":"product_cat","embeddable":true,"href":"https:\/\/sundar.be\/fr\/wp-json\/wp\/v2\/product_cat?post=25234"},{"taxonomy":"product_tag","embeddable":true,"href":"https:\/\/sundar.be\/fr\/wp-json\/wp\/v2\/product_tag?post=25234"}],"curies":[{"name":"wp","href":"https:\/\/api.w.org\/{rel}","templated":true}]}}