{"id":25224,"date":"2022-09-28T12:33:28","date_gmt":"2022-09-28T10:33:28","guid":{"rendered":"https:\/\/sundar.be\/product\/solutions-sensitive-oil-serum-30ml-fr\/"},"modified":"2025-12-08T09:42:54","modified_gmt":"2025-12-08T08:42:54","slug":"solutions-sensitive-oil-serum-30ml-fr","status":"publish","type":"product","link":"https:\/\/sundar.be\/fr\/produit\/solutions-sensitive-oil-serum-30ml-fr\/","title":{"rendered":"Monteil SENSITIVE Oil Serum, 30ml"},"content":{"rendered":"<p>Le <span style=\"color: #557e96;\"><strong>SENSITIVE Oil Serum<\/strong><\/span> est un m\u00e9lange d\u2019huiles intens\u00e9ment apaisant, nourrissant et r\u00e9parateur, sp\u00e9cialement formul\u00e9 pour les peaux sensibles et facilement irrit\u00e9es. Gr\u00e2ce \u00e0 une combinaison d\u2019huiles v\u00e9g\u00e9tales adoucissantes (avocat, amande, \u00e9chium), de lipides renfor\u00e7ant la barri\u00e8re cutan\u00e9e et d\u2019extraits calmants tels que le bisabolol et le cardiospermum, la peau retrouve imm\u00e9diatement confort et protection. Des antioxydants comme la vitamine E et le coenzyme Q10 soutiennent la r\u00e9paration cutan\u00e9e et offrent une peau visiblement plus souple, plus r\u00e9sistante et plus lumineuse.  <\/p>\n","protected":false},"excerpt":{"rendered":"<p>Une huile douce et nourrissante qui apaise, adoucit et prot\u00e8ge les peaux sensibles contre les irritations. Id\u00e9ale pour restaurer la barri\u00e8re cutan\u00e9e et offrir un confort durable. <\/p>\n","protected":false},"featured_media":25223,"comment_status":"closed","ping_status":"closed","template":"","meta":{"_acf_changed":false},"product_brand":[],"product_cat":[2683,2703,2980],"product_tag":[2716],"class_list":{"0":"post-25224","1":"product","2":"type-product","3":"status-publish","4":"has-post-thumbnail","6":"product_cat-monteil-fr","7":"product_cat-solutions-fr","8":"product_cat-monteil-solutions-sensitive-fr","9":"product_tag-monteil-fr","10":"pa_inhoud-testeur-non-a-la-vente-30ml","11":"pa_inhoud-vente-30ml","13":"first","14":"instock","15":"taxable","16":"shipping-taxable","17":"product-type-variable"},"acf":[],"_links":{"self":[{"href":"https:\/\/sundar.be\/fr\/wp-json\/wp\/v2\/product\/25224","targetHints":{"allow":["GET"]}}],"collection":[{"href":"https:\/\/sundar.be\/fr\/wp-json\/wp\/v2\/product"}],"about":[{"href":"https:\/\/sundar.be\/fr\/wp-json\/wp\/v2\/types\/product"}],"replies":[{"embeddable":true,"href":"https:\/\/sundar.be\/fr\/wp-json\/wp\/v2\/comments?post=25224"}],"wp:featuredmedia":[{"embeddable":true,"href":"https:\/\/sundar.be\/fr\/wp-json\/wp\/v2\/media\/25223"}],"wp:attachment":[{"href":"https:\/\/sundar.be\/fr\/wp-json\/wp\/v2\/media?parent=25224"}],"wp:term":[{"taxonomy":"product_brand","embeddable":true,"href":"https:\/\/sundar.be\/fr\/wp-json\/wp\/v2\/product_brand?post=25224"},{"taxonomy":"product_cat","embeddable":true,"href":"https:\/\/sundar.be\/fr\/wp-json\/wp\/v2\/product_cat?post=25224"},{"taxonomy":"product_tag","embeddable":true,"href":"https:\/\/sundar.be\/fr\/wp-json\/wp\/v2\/product_tag?post=25224"}],"curies":[{"name":"wp","href":"https:\/\/api.w.org\/{rel}","templated":true}]}}