{"id":25219,"date":"2022-09-28T09:32:16","date_gmt":"2022-09-28T07:32:16","guid":{"rendered":"https:\/\/sundar.be\/product\/essentials-enzymatic-even-out-powder-exfoliant-10x2g-fr\/"},"modified":"2025-12-08T09:45:58","modified_gmt":"2025-12-08T08:45:58","slug":"essentials-enzymatic-even-out-powder-exfoliant-10x2g","status":"publish","type":"product","link":"https:\/\/sundar.be\/fr\/produit\/essentials-enzymatic-even-out-powder-exfoliant-10x2g\/","title":{"rendered":"Monteil PEELING Even Out Peeling Powder"},"content":{"rendered":"<p>Le <span style=\"color: #557e96;\"><strong>PEELING Even Out Peeling Powder <\/strong><\/span>est un peeling enzymatique ultra-doux en poudre qui affine la texture de la peau et r\u00e9v\u00e8le un teint frais et uniforme. Au contact de l&rsquo;eau, la poudre se transforme en une \u00e9mulsion l\u00e9g\u00e8re et cr\u00e9meuse qui \u00e9limine les cellules mortes sans abrasion. Gr\u00e2ce \u00e0 des enzymes comme la subtilisine et la lipase, ce peeling agit de mani\u00e8re douce mais efficace, laissant appara\u00eetre une peau plus lisse, plus lumineuse et sans irritation.  <\/p>\n","protected":false},"excerpt":{"rendered":"<p>La <strong><span style=\"color: #ef85ab;\">PEELING Even Out Peeling Powder<\/span><\/strong> est une m\u00e9thode innovante et respectueuse de la peau pour exfolier et renouveler l\u2019\u00e9piderme. Gr\u00e2ce aux enzymes douces et aux ingr\u00e9dients nourrissants, ce peeling nettoie en profondeur tout en laissant la peau douce et hydrat\u00e9e. Parfait pour toute personne recherchant une exfoliation efficace mais douce pour une peau lisse et \u00e9clatante.<\/p>\n","protected":false},"featured_media":25217,"comment_status":"closed","ping_status":"closed","template":"","meta":{"_acf_changed":false},"product_brand":[],"product_cat":[2683,2693,4921,4920],"product_tag":[2716],"class_list":{"0":"post-25219","1":"product","2":"type-product","3":"status-publish","4":"has-post-thumbnail","6":"product_cat-monteil-fr","7":"product_cat-monteil-nettoyage-exfoliation","8":"product_cat-beaute-nettoyage-exfoliation","9":"product_cat-beaute-soins-du-visage","10":"product_tag-monteil-fr","11":"pa_inhoud-10-x-2-g","12":"pa_inhoud-20-x-2-g","13":"pa_inhoud-cabine-10-x-20g","14":"pa_inhoud-vente-10x2g","16":"first","17":"instock","18":"taxable","19":"shipping-taxable","20":"product-type-variable"},"acf":[],"_links":{"self":[{"href":"https:\/\/sundar.be\/fr\/wp-json\/wp\/v2\/product\/25219","targetHints":{"allow":["GET"]}}],"collection":[{"href":"https:\/\/sundar.be\/fr\/wp-json\/wp\/v2\/product"}],"about":[{"href":"https:\/\/sundar.be\/fr\/wp-json\/wp\/v2\/types\/product"}],"replies":[{"embeddable":true,"href":"https:\/\/sundar.be\/fr\/wp-json\/wp\/v2\/comments?post=25219"}],"wp:featuredmedia":[{"embeddable":true,"href":"https:\/\/sundar.be\/fr\/wp-json\/wp\/v2\/media\/25217"}],"wp:attachment":[{"href":"https:\/\/sundar.be\/fr\/wp-json\/wp\/v2\/media?parent=25219"}],"wp:term":[{"taxonomy":"product_brand","embeddable":true,"href":"https:\/\/sundar.be\/fr\/wp-json\/wp\/v2\/product_brand?post=25219"},{"taxonomy":"product_cat","embeddable":true,"href":"https:\/\/sundar.be\/fr\/wp-json\/wp\/v2\/product_cat?post=25219"},{"taxonomy":"product_tag","embeddable":true,"href":"https:\/\/sundar.be\/fr\/wp-json\/wp\/v2\/product_tag?post=25219"}],"curies":[{"name":"wp","href":"https:\/\/api.w.org\/{rel}","templated":true}]}}