{"id":25057,"date":"2022-08-16T17:16:48","date_gmt":"2022-08-16T15:16:48","guid":{"rendered":"https:\/\/sundar.be\/product\/ultimate-base-coat-8ml-fr\/"},"modified":"2025-11-25T15:09:00","modified_gmt":"2025-11-25T14:09:00","slug":"ultimate-base-coat-8ml-fr","status":"publish","type":"product","link":"https:\/\/sundar.be\/fr\/produit\/ultimate-base-coat-8ml-fr\/","title":{"rendered":"LCN Ultimate Base Coat, 8ml"},"content":{"rendered":"<p><strong>Ultimate Base Coat<\/strong> est une base coat de haute qualit\u00e9 qui prot\u00e8ge l\u2019ongle naturel et cr\u00e9e une surface parfaitement lisse pour une manucure longue tenue. Sa formule fortifiante et \u00e0 s\u00e9chage rapide adh\u00e8re de mani\u00e8re optimale \u00e0 la plaque de l\u2019ongle, garantissant une application plus r\u00e9guli\u00e8re du vernis et une tenue prolong\u00e9e sans ab\u00eemer l\u2019ongle. <\/p>\n","protected":false},"excerpt":{"rendered":"<p>Cette base coat renforce, prot\u00e8ge et lisse l\u2019ongle pour une application impeccable et une tenue durable du vernis. Les ongles sont prot\u00e9g\u00e9s contre la d\u00e9coloration, le d\u00e9doublement et le dess\u00e8chement, tandis que le vernis adh\u00e8re mieux et reste plus longtemps. <\/p>\n","protected":false},"featured_media":59030,"comment_status":"closed","ping_status":"closed","template":"","meta":{"_acf_changed":false},"product_brand":[],"product_cat":[1470,4936,1467,4907],"product_tag":[2715],"class_list":{"0":"post-25057","1":"product","2":"type-product","3":"status-publish","4":"has-post-thumbnail","6":"product_cat-lcn-soin-des-ongles-base-coats","7":"product_cat-lcn-fr","8":"product_cat-lcn-soin-des-ongles","9":"product_cat-soins","10":"product_tag-lcn-fr","12":"first","13":"instock","14":"taxable","15":"shipping-taxable","16":"product-type-simple"},"acf":[],"_links":{"self":[{"href":"https:\/\/sundar.be\/fr\/wp-json\/wp\/v2\/product\/25057","targetHints":{"allow":["GET"]}}],"collection":[{"href":"https:\/\/sundar.be\/fr\/wp-json\/wp\/v2\/product"}],"about":[{"href":"https:\/\/sundar.be\/fr\/wp-json\/wp\/v2\/types\/product"}],"replies":[{"embeddable":true,"href":"https:\/\/sundar.be\/fr\/wp-json\/wp\/v2\/comments?post=25057"}],"wp:featuredmedia":[{"embeddable":true,"href":"https:\/\/sundar.be\/fr\/wp-json\/wp\/v2\/media\/59030"}],"wp:attachment":[{"href":"https:\/\/sundar.be\/fr\/wp-json\/wp\/v2\/media?parent=25057"}],"wp:term":[{"taxonomy":"product_brand","embeddable":true,"href":"https:\/\/sundar.be\/fr\/wp-json\/wp\/v2\/product_brand?post=25057"},{"taxonomy":"product_cat","embeddable":true,"href":"https:\/\/sundar.be\/fr\/wp-json\/wp\/v2\/product_cat?post=25057"},{"taxonomy":"product_tag","embeddable":true,"href":"https:\/\/sundar.be\/fr\/wp-json\/wp\/v2\/product_tag?post=25057"}],"curies":[{"name":"wp","href":"https:\/\/api.w.org\/{rel}","templated":true}]}}