{"id":24408,"date":"2022-06-23T17:42:25","date_gmt":"2022-06-23T15:42:25","guid":{"rendered":"https:\/\/sundar.be\/product\/monteil-ampoule-sprayer-1-stk-fr\/"},"modified":"2025-03-13T19:38:49","modified_gmt":"2025-03-13T18:38:49","slug":"monteil-ampoule-sprayer-1-stk-fr","status":"publish","type":"product","link":"https:\/\/sundar.be\/fr\/produit\/monteil-ampoule-sprayer-1-stk-fr\/","title":{"rendered":"Pulv\u00e9risateur d&rsquo;ampoules MONTEIL &#8211; 1 pc"},"content":{"rendered":"<p>Cet outil pratique permet d&rsquo;appliquer et de briser les ampoules de verre. \u00c0 l\u2019aide de la partie inf\u00e9rieure, vous pouvez ouvrir les ampoules en toute s\u00e9curit\u00e9 et sans \u00e9clats, puis ins\u00e9rer le cylindre. Gr\u00e2ce \u00e0 l&#8217;embout de pulv\u00e9risation fine, il est encore plus facile d&rsquo;appliquer le s\u00e9rum. Gr\u00e2ce au bouchon de s\u00e9curit\u00e9, l&rsquo;ampoule peut \u00e9galement \u00eatre appliqu\u00e9e en 2 ou 3 fois.<\/p>\n","protected":false},"excerpt":{"rendered":"<p>Cet outil pratique permet d&rsquo;appliquer et de briser les ampoules de verre. \u00c0 l\u2019aide de la partie inf\u00e9rieure, vous pouvez ouvrir les ampoules en toute s\u00e9curit\u00e9 et sans \u00e9clats, puis ins\u00e9rer le cylindre. Gr\u00e2ce \u00e0 l&#8217;embout de pulv\u00e9risation fine, il est encore plus facile d&rsquo;appliquer le s\u00e9rum. Gr\u00e2ce au bouchon de s\u00e9curit\u00e9, l&rsquo;ampoule peut \u00e9galement [&hellip;]<\/p>\n","protected":false},"featured_media":27100,"comment_status":"closed","ping_status":"closed","template":"","meta":{"_acf_changed":false},"product_brand":[],"product_cat":[2933,2683],"product_tag":[2716],"class_list":{"0":"post-24408","1":"product","2":"type-product","3":"status-publish","4":"has-post-thumbnail","6":"product_cat-monteil-accessoires","7":"product_cat-monteil-fr","8":"product_tag-monteil-fr","10":"first","11":"instock","12":"taxable","13":"shipping-taxable","14":"product-type-simple"},"acf":[],"_links":{"self":[{"href":"https:\/\/sundar.be\/fr\/wp-json\/wp\/v2\/product\/24408","targetHints":{"allow":["GET"]}}],"collection":[{"href":"https:\/\/sundar.be\/fr\/wp-json\/wp\/v2\/product"}],"about":[{"href":"https:\/\/sundar.be\/fr\/wp-json\/wp\/v2\/types\/product"}],"replies":[{"embeddable":true,"href":"https:\/\/sundar.be\/fr\/wp-json\/wp\/v2\/comments?post=24408"}],"wp:featuredmedia":[{"embeddable":true,"href":"https:\/\/sundar.be\/fr\/wp-json\/wp\/v2\/media\/27100"}],"wp:attachment":[{"href":"https:\/\/sundar.be\/fr\/wp-json\/wp\/v2\/media?parent=24408"}],"wp:term":[{"taxonomy":"product_brand","embeddable":true,"href":"https:\/\/sundar.be\/fr\/wp-json\/wp\/v2\/product_brand?post=24408"},{"taxonomy":"product_cat","embeddable":true,"href":"https:\/\/sundar.be\/fr\/wp-json\/wp\/v2\/product_cat?post=24408"},{"taxonomy":"product_tag","embeddable":true,"href":"https:\/\/sundar.be\/fr\/wp-json\/wp\/v2\/product_tag?post=24408"}],"curies":[{"name":"wp","href":"https:\/\/api.w.org\/{rel}","templated":true}]}}