{"id":24374,"date":"2022-06-23T16:46:33","date_gmt":"2022-06-23T14:46:33","guid":{"rendered":"https:\/\/sundar.be\/product\/monteil-cosmetic-sponge-10-stk-fr\/"},"modified":"2025-12-08T07:45:30","modified_gmt":"2025-12-08T06:45:30","slug":"monteil-cosmetic-sponge-10-stk-fr","status":"publish","type":"product","link":"https:\/\/sundar.be\/fr\/produit\/monteil-cosmetic-sponge-10-stk-fr\/","title":{"rendered":"Monteil \u00c9ponges cosm\u00e9tiques (10 pi\u00e8ces)"},"content":{"rendered":"<p>\u00c9ponges de nettoyage pour un nettoyage en profondeur du visage lors d\u2019un soin cosm\u00e9tique.<br \/>\nCes \u00e9ponges pratiques sont lavables et r\u00e9utilisables.<\/p>\n","protected":false},"excerpt":{"rendered":"<p>\u00c9ponges de nettoyage pour un nettoyage en profondeur du visage lors d\u2019un soin cosm\u00e9tique. Ces \u00e9ponges pratiques sont lavables et r\u00e9utilisables.<\/p>\n","protected":false},"featured_media":20944,"comment_status":"closed","ping_status":"closed","template":"","meta":{"_acf_changed":false},"product_brand":[],"product_cat":[2933,2683],"product_tag":[2716],"class_list":{"0":"post-24374","1":"product","2":"type-product","3":"status-publish","4":"has-post-thumbnail","6":"product_cat-monteil-accessoires","7":"product_cat-monteil-fr","8":"product_tag-monteil-fr","10":"first","11":"instock","12":"taxable","13":"shipping-taxable","14":"product-type-simple"},"acf":[],"_links":{"self":[{"href":"https:\/\/sundar.be\/fr\/wp-json\/wp\/v2\/product\/24374","targetHints":{"allow":["GET"]}}],"collection":[{"href":"https:\/\/sundar.be\/fr\/wp-json\/wp\/v2\/product"}],"about":[{"href":"https:\/\/sundar.be\/fr\/wp-json\/wp\/v2\/types\/product"}],"replies":[{"embeddable":true,"href":"https:\/\/sundar.be\/fr\/wp-json\/wp\/v2\/comments?post=24374"}],"wp:featuredmedia":[{"embeddable":true,"href":"https:\/\/sundar.be\/fr\/wp-json\/wp\/v2\/media\/20944"}],"wp:attachment":[{"href":"https:\/\/sundar.be\/fr\/wp-json\/wp\/v2\/media?parent=24374"}],"wp:term":[{"taxonomy":"product_brand","embeddable":true,"href":"https:\/\/sundar.be\/fr\/wp-json\/wp\/v2\/product_brand?post=24374"},{"taxonomy":"product_cat","embeddable":true,"href":"https:\/\/sundar.be\/fr\/wp-json\/wp\/v2\/product_cat?post=24374"},{"taxonomy":"product_tag","embeddable":true,"href":"https:\/\/sundar.be\/fr\/wp-json\/wp\/v2\/product_tag?post=24374"}],"curies":[{"name":"wp","href":"https:\/\/api.w.org\/{rel}","templated":true}]}}