{"id":24357,"date":"2022-06-23T16:20:24","date_gmt":"2022-06-23T14:20:24","guid":{"rendered":"https:\/\/sundar.be\/product\/micro-needling-lifting-pen-fr\/"},"modified":"2025-12-08T07:56:58","modified_gmt":"2025-12-08T06:56:58","slug":"micro-needling-lifting-pen-fr","status":"publish","type":"product","link":"https:\/\/sundar.be\/fr\/produit\/micro-needling-lifting-pen-fr\/","title":{"rendered":"Monteil Micro Needling Lifting Pen"},"content":{"rendered":"<h2>Une m\u00e9thode anti-\u00e2ge efficace \u2013 sans chirurgie \u2013 pour une peau nettement plus fra\u00eeche et plus ferme.<\/h2>\n<p>Pour un effet anti-\u00e2ge \u00e0 long terme et un contour lift\u00e9 !<\/p>\n<p><strong>Domaines d&rsquo;application :<\/strong><\/p>\n<ul>\n<li>Rajeunissement de la peau et du d\u00e9collet\u00e9<\/li>\n<li>R\u00e9duction des rides<\/li>\n<li>Traitement des cicatrices<\/li>\n<li>Resserrement des tissus<\/li>\n<li>Traitement anticellulite Atrophie<\/li>\n<\/ul>\n<p>L\u2019appareil professionnel MONTEIL MICRO NEEDLING LIFTING PEN stimule la production naturelle de collag\u00e8ne de la peau. Les principes actifs sont ainsi mieux absorb\u00e9s, la peau se retend et se lifte, les plaies et les cicatrices d\u2019acn\u00e9 cicatrisent mieux. <\/p>\n<p>Le processus a \u00e9galement un effet rajeunissant, lissant les rides et ridules et r\u00e9duisant la taille des pores.<\/p>\n","protected":false},"excerpt":{"rendered":"<p>Deux proc\u00e9dures cosm\u00e9tiques efficaces en une. Soft-Plasma, la m\u00e9thode douce de resserrement de la peau et de r\u00e9duction des rides ind\u00e9sirables. Needling, la technique intensive de stimulation et de renouvellement de la peau.  <\/p>\n","protected":false},"featured_media":25262,"comment_status":"closed","ping_status":"closed","template":"","meta":{"_acf_changed":false},"product_brand":[],"product_cat":[2800,2683],"product_tag":[2716],"class_list":{"0":"post-24357","1":"product","2":"type-product","3":"status-publish","4":"has-post-thumbnail","6":"product_cat-monteil-appareils","7":"product_cat-monteil-fr","8":"product_tag-monteil-fr","9":"pa_inhoud-batterie-de-remplacement","10":"pa_inhoud-micro-needling-36-needle-module-10-pcs-fr","11":"pa_inhoud-professionals-micro-needling-liftingpen-silver","13":"first","14":"instock","15":"taxable","16":"shipping-taxable","17":"product-type-variable"},"acf":[],"_links":{"self":[{"href":"https:\/\/sundar.be\/fr\/wp-json\/wp\/v2\/product\/24357","targetHints":{"allow":["GET"]}}],"collection":[{"href":"https:\/\/sundar.be\/fr\/wp-json\/wp\/v2\/product"}],"about":[{"href":"https:\/\/sundar.be\/fr\/wp-json\/wp\/v2\/types\/product"}],"replies":[{"embeddable":true,"href":"https:\/\/sundar.be\/fr\/wp-json\/wp\/v2\/comments?post=24357"}],"wp:featuredmedia":[{"embeddable":true,"href":"https:\/\/sundar.be\/fr\/wp-json\/wp\/v2\/media\/25262"}],"wp:attachment":[{"href":"https:\/\/sundar.be\/fr\/wp-json\/wp\/v2\/media?parent=24357"}],"wp:term":[{"taxonomy":"product_brand","embeddable":true,"href":"https:\/\/sundar.be\/fr\/wp-json\/wp\/v2\/product_brand?post=24357"},{"taxonomy":"product_cat","embeddable":true,"href":"https:\/\/sundar.be\/fr\/wp-json\/wp\/v2\/product_cat?post=24357"},{"taxonomy":"product_tag","embeddable":true,"href":"https:\/\/sundar.be\/fr\/wp-json\/wp\/v2\/product_tag?post=24357"}],"curies":[{"name":"wp","href":"https:\/\/api.w.org\/{rel}","templated":true}]}}