{"id":24346,"date":"2022-06-23T11:59:49","date_gmt":"2022-06-23T09:59:49","guid":{"rendered":"https:\/\/sundar.be\/product\/acti-vita-gold-procgen-creme-day-night-50-ml-fr\/"},"modified":"2025-12-08T09:51:33","modified_gmt":"2025-12-08T08:51:33","slug":"acti-vita-gold-procgen-creme-day-night-50-ml","status":"publish","type":"product","link":"https:\/\/sundar.be\/fr\/produit\/acti-vita-gold-procgen-creme-day-night-50-ml\/","title":{"rendered":"Monteil ACTI-VITA Gold ProCGen Creme Day\/Night"},"content":{"rendered":"<p>La <span style=\"color: #557e96;\"><strong>ACTI-VITA Gold ProCGen Cr\u00e8me Day\/Night<\/strong><\/span> est un soin anti-\u00e2ge luxueux qui nourrit intens\u00e9ment la peau, la raffermit et la revitalise visiblement. Gr\u00e2ce \u00e0 une puissante combinaison de peptides, d\u2019antioxydants, de vitamines et d\u2019extraits botaniques, cette cr\u00e8me stimule la production de collag\u00e8ne, am\u00e9liore l\u2019\u00e9lasticit\u00e9 et prot\u00e8ge contre le vieillissement pr\u00e9matur\u00e9. Sa texture riche et onctueuse fond sur la peau et laisse un teint souple, rebondi et \u00e9clatant \u2013 de jour comme de nuit.  <\/p>\n","protected":false},"excerpt":{"rendered":"<p>Une cr\u00e8me anti-\u00e2ge 24 heures riche qui nourrit, raffermit et prot\u00e8ge la peau. Id\u00e9ale pour celles et ceux qui souhaitent une peau plus lisse, plus ferme et d\u2019apparence plus jeune. <\/p>\n","protected":false},"featured_media":46430,"comment_status":"closed","ping_status":"closed","template":"","meta":{"_acf_changed":false},"product_brand":[],"product_cat":[2691,2683],"product_tag":[2716],"class_list":{"0":"post-24346","1":"product","2":"type-product","3":"status-publish","4":"has-post-thumbnail","6":"product_cat-acti-vita-fr","7":"product_cat-monteil-fr","8":"product_tag-monteil-fr","9":"pa_inhoud-3-ml-fr","10":"pa_inhoud-50-ml-fr","11":"pa_inhoud-testeur-3ml","12":"pa_inhoud-testeur-non-a-la-vente-50ml","13":"pa_inhoud-vente-50ml","15":"first","16":"instock","17":"taxable","18":"shipping-taxable","19":"product-type-variable"},"acf":[],"_links":{"self":[{"href":"https:\/\/sundar.be\/fr\/wp-json\/wp\/v2\/product\/24346","targetHints":{"allow":["GET"]}}],"collection":[{"href":"https:\/\/sundar.be\/fr\/wp-json\/wp\/v2\/product"}],"about":[{"href":"https:\/\/sundar.be\/fr\/wp-json\/wp\/v2\/types\/product"}],"replies":[{"embeddable":true,"href":"https:\/\/sundar.be\/fr\/wp-json\/wp\/v2\/comments?post=24346"}],"wp:featuredmedia":[{"embeddable":true,"href":"https:\/\/sundar.be\/fr\/wp-json\/wp\/v2\/media\/46430"}],"wp:attachment":[{"href":"https:\/\/sundar.be\/fr\/wp-json\/wp\/v2\/media?parent=24346"}],"wp:term":[{"taxonomy":"product_brand","embeddable":true,"href":"https:\/\/sundar.be\/fr\/wp-json\/wp\/v2\/product_brand?post=24346"},{"taxonomy":"product_cat","embeddable":true,"href":"https:\/\/sundar.be\/fr\/wp-json\/wp\/v2\/product_cat?post=24346"},{"taxonomy":"product_tag","embeddable":true,"href":"https:\/\/sundar.be\/fr\/wp-json\/wp\/v2\/product_tag?post=24346"}],"curies":[{"name":"wp","href":"https:\/\/api.w.org\/{rel}","templated":true}]}}