{"id":24342,"date":"2022-06-23T11:47:09","date_gmt":"2022-06-23T09:47:09","guid":{"rendered":"https:\/\/sundar.be\/product\/acti-vita-gold-procgen-serum-15-ml-fr\/"},"modified":"2025-12-08T10:03:52","modified_gmt":"2025-12-08T09:03:52","slug":"acti-vita-gold-procgen-serum-15-ml","status":"publish","type":"product","link":"https:\/\/sundar.be\/fr\/produit\/acti-vita-gold-procgen-serum-15-ml\/","title":{"rendered":"Monteil ACTI-VITA Gold ProCGen Serum"},"content":{"rendered":"<p>Le <span style=\"color: #557e96;\"><strong>ACTI-VITA Gold ProCGen Serum <\/strong><\/span>combine un m\u00e9lange unique de peptides, d\u2019extraits botaniques et de particules d\u2019or pour r\u00e9g\u00e9n\u00e9rer et renforcer la peau. Il cible le rel\u00e2chement cutan\u00e9, les rides, la perte d\u2019\u00e9lasticit\u00e9 et le teint terne. Sa texture soyeuse p\u00e9n\u00e8tre rapidement et stimule la production naturelle de collag\u00e8ne et d\u2019\u00e9lastine, offrant une peau plus lumineuse, plus ferme et d\u2019apparence plus jeune.  <\/p>\n","protected":false},"excerpt":{"rendered":"<p data-start=\"768\" data-end=\"934\">Un s\u00e9rum intens\u00e9ment raffermissant et rajeunissant qui agit sur les ridules, l\u2019\u00e9lasticit\u00e9 et l\u2019hydratation. Id\u00e9al pour une peau plus lisse, plus ferme et visiblement \u00e9clatante. <\/p>\n","protected":false},"featured_media":46440,"comment_status":"closed","ping_status":"closed","template":"","meta":{"_acf_changed":false},"product_brand":[],"product_cat":[2691,2683],"product_tag":[2716],"class_list":{"0":"post-24342","1":"product","2":"type-product","3":"status-publish","4":"has-post-thumbnail","6":"product_cat-acti-vita-fr","7":"product_cat-monteil-fr","8":"product_tag-monteil-fr","9":"pa_inhoud-15-ml-fr","10":"pa_inhoud-3-ml-fr","11":"pa_inhoud-testeur-3ml","12":"pa_inhoud-testeur-non-a-la-vente-15ml","13":"pa_inhoud-vente-15ml","15":"first","16":"instock","17":"taxable","18":"shipping-taxable","19":"product-type-variable"},"acf":[],"_links":{"self":[{"href":"https:\/\/sundar.be\/fr\/wp-json\/wp\/v2\/product\/24342","targetHints":{"allow":["GET"]}}],"collection":[{"href":"https:\/\/sundar.be\/fr\/wp-json\/wp\/v2\/product"}],"about":[{"href":"https:\/\/sundar.be\/fr\/wp-json\/wp\/v2\/types\/product"}],"replies":[{"embeddable":true,"href":"https:\/\/sundar.be\/fr\/wp-json\/wp\/v2\/comments?post=24342"}],"wp:featuredmedia":[{"embeddable":true,"href":"https:\/\/sundar.be\/fr\/wp-json\/wp\/v2\/media\/46440"}],"wp:attachment":[{"href":"https:\/\/sundar.be\/fr\/wp-json\/wp\/v2\/media?parent=24342"}],"wp:term":[{"taxonomy":"product_brand","embeddable":true,"href":"https:\/\/sundar.be\/fr\/wp-json\/wp\/v2\/product_brand?post=24342"},{"taxonomy":"product_cat","embeddable":true,"href":"https:\/\/sundar.be\/fr\/wp-json\/wp\/v2\/product_cat?post=24342"},{"taxonomy":"product_tag","embeddable":true,"href":"https:\/\/sundar.be\/fr\/wp-json\/wp\/v2\/product_tag?post=24342"}],"curies":[{"name":"wp","href":"https:\/\/api.w.org\/{rel}","templated":true}]}}