{"id":24338,"date":"2022-06-23T11:22:53","date_gmt":"2022-06-23T09:22:53","guid":{"rendered":"https:\/\/sundar.be\/product\/acti-vita-gold-procgen-softening-lotion-150-ml-fr\/"},"modified":"2025-12-08T10:09:49","modified_gmt":"2025-12-08T09:09:49","slug":"acti-vita-gold-procgen-softening-lotion-150-ml","status":"publish","type":"product","link":"https:\/\/sundar.be\/fr\/produit\/acti-vita-gold-procgen-softening-lotion-150-ml\/","title":{"rendered":"Monteil ACTI-VITA Gold ProCGen Softening Lotion, 150 ml"},"content":{"rendered":"<p>La <span style=\"color: #557e96;\"><strong>ACTI-VITA Gold ProCGen Softening Lotion<\/strong><\/span> est une lotion luxueuse et soyeuse qui pr\u00e9pare la peau de mani\u00e8re optimale \u00e0 la routine de soin suivante. Elle hydrate, adoucit, renforce la barri\u00e8re cutan\u00e9e et stimule le renouvellement cellulaire ainsi que la production de collag\u00e8ne gr\u00e2ce \u00e0 des actifs anti-\u00e2ge tels que la g\u00e9nist\u00e9ine, la vitamine C et l\u2019acide hyaluronique. <\/p>\n","protected":false},"excerpt":{"rendered":"<p>Cette lotion adoucissante luxueuse hydrate, apaise et pr\u00e9pare la peau \u00e0 l\u2019application du s\u00e9rum ProCGen et de la cr\u00e8me de jour ou de nuit. Gr\u00e2ce \u00e0 la g\u00e9nist\u00e9ine, \u00e0 la vitamine C et \u00e0 l\u2019acide hyaluronique, la peau devient plus lisse, plus lumineuse et mieux prot\u00e9g\u00e9e contre les signes de vieillissement. <\/p>\n","protected":false},"featured_media":46446,"comment_status":"closed","ping_status":"closed","template":"","meta":{"_acf_changed":false},"product_brand":[],"product_cat":[2691,2683],"product_tag":[2716],"class_list":{"0":"post-24338","1":"product","2":"type-product","3":"status-publish","4":"has-post-thumbnail","6":"product_cat-acti-vita-fr","7":"product_cat-monteil-fr","8":"product_tag-monteil-fr","9":"pa_inhoud-testeur-non-a-la-vente150ml","10":"pa_inhoud-vente-150ml","12":"first","13":"instock","14":"taxable","15":"shipping-taxable","16":"product-type-variable"},"acf":[],"_links":{"self":[{"href":"https:\/\/sundar.be\/fr\/wp-json\/wp\/v2\/product\/24338","targetHints":{"allow":["GET"]}}],"collection":[{"href":"https:\/\/sundar.be\/fr\/wp-json\/wp\/v2\/product"}],"about":[{"href":"https:\/\/sundar.be\/fr\/wp-json\/wp\/v2\/types\/product"}],"replies":[{"embeddable":true,"href":"https:\/\/sundar.be\/fr\/wp-json\/wp\/v2\/comments?post=24338"}],"wp:featuredmedia":[{"embeddable":true,"href":"https:\/\/sundar.be\/fr\/wp-json\/wp\/v2\/media\/46446"}],"wp:attachment":[{"href":"https:\/\/sundar.be\/fr\/wp-json\/wp\/v2\/media?parent=24338"}],"wp:term":[{"taxonomy":"product_brand","embeddable":true,"href":"https:\/\/sundar.be\/fr\/wp-json\/wp\/v2\/product_brand?post=24338"},{"taxonomy":"product_cat","embeddable":true,"href":"https:\/\/sundar.be\/fr\/wp-json\/wp\/v2\/product_cat?post=24338"},{"taxonomy":"product_tag","embeddable":true,"href":"https:\/\/sundar.be\/fr\/wp-json\/wp\/v2\/product_tag?post=24338"}],"curies":[{"name":"wp","href":"https:\/\/api.w.org\/{rel}","templated":true}]}}