{"id":24334,"date":"2022-06-23T11:17:07","date_gmt":"2022-06-23T09:17:07","guid":{"rendered":"https:\/\/sundar.be\/product\/acti-vita-anti-aging-hand-treatment-100-ml-fr\/"},"modified":"2025-12-08T07:40:49","modified_gmt":"2025-12-08T06:40:49","slug":"acti-vita-anti-aging-hand-treatment-100-ml","status":"publish","type":"product","link":"https:\/\/sundar.be\/fr\/produit\/acti-vita-anti-aging-hand-treatment-100-ml\/","title":{"rendered":"Monteil ACTI-VITA Anti-Aging Hand Treatment, 100 ml"},"content":{"rendered":"<p>Le <span style=\"color: #557e96;\"><strong data-start=\"314\" data-end=\"353\">ACTI-VITA Anti-Aging Hand Treatment<\/strong><\/span> est une cr\u00e8me pour les mains intens\u00e9ment nourrissante qui adoucit, hydrate et prot\u00e8ge imm\u00e9diatement la peau. La formule combine des lipides nutritifs avec des actifs anti-\u00e2ge pour r\u00e9duire les ridules et renforcer la barri\u00e8re cutan\u00e9e. Gr\u00e2ce \u00e0 des ingr\u00e9dients hydratants tels que la glyc\u00e9rine, l\u2019ur\u00e9e et l\u2019aloe vera, la peau reste souple plus longtemps, tandis que les c\u00e9ramides aident \u00e0 pr\u00e9venir la perte d\u2019hydratation. Cette cr\u00e8me pour les mains p\u00e9n\u00e8tre rapidement, ne laisse aucun film gras et offre des mains douces et visiblement rajeunies.   <\/p>\n","protected":false},"excerpt":{"rendered":"<p>Une cr\u00e8me pour les mains anti-\u00e2ge riche et \u00e0 absorption rapide qui hydrate intens\u00e9ment et adoucit visiblement la peau. Elle restaure la barri\u00e8re cutan\u00e9e et aide \u00e0 r\u00e9duire les signes de vieillissement des mains. <\/p>\n","protected":false},"featured_media":46449,"comment_status":"closed","ping_status":"closed","template":"","meta":{"_acf_changed":false},"product_brand":[],"product_cat":[2691,2683],"product_tag":[2716],"class_list":{"0":"post-24334","1":"product","2":"type-product","3":"status-publish","4":"has-post-thumbnail","6":"product_cat-acti-vita-fr","7":"product_cat-monteil-fr","8":"product_tag-monteil-fr","10":"first","11":"instock","12":"taxable","13":"shipping-taxable","14":"product-type-simple"},"acf":[],"_links":{"self":[{"href":"https:\/\/sundar.be\/fr\/wp-json\/wp\/v2\/product\/24334","targetHints":{"allow":["GET"]}}],"collection":[{"href":"https:\/\/sundar.be\/fr\/wp-json\/wp\/v2\/product"}],"about":[{"href":"https:\/\/sundar.be\/fr\/wp-json\/wp\/v2\/types\/product"}],"replies":[{"embeddable":true,"href":"https:\/\/sundar.be\/fr\/wp-json\/wp\/v2\/comments?post=24334"}],"wp:featuredmedia":[{"embeddable":true,"href":"https:\/\/sundar.be\/fr\/wp-json\/wp\/v2\/media\/46449"}],"wp:attachment":[{"href":"https:\/\/sundar.be\/fr\/wp-json\/wp\/v2\/media?parent=24334"}],"wp:term":[{"taxonomy":"product_brand","embeddable":true,"href":"https:\/\/sundar.be\/fr\/wp-json\/wp\/v2\/product_brand?post=24334"},{"taxonomy":"product_cat","embeddable":true,"href":"https:\/\/sundar.be\/fr\/wp-json\/wp\/v2\/product_cat?post=24334"},{"taxonomy":"product_tag","embeddable":true,"href":"https:\/\/sundar.be\/fr\/wp-json\/wp\/v2\/product_tag?post=24334"}],"curies":[{"name":"wp","href":"https:\/\/api.w.org\/{rel}","templated":true}]}}