{"id":24330,"date":"2022-06-23T10:25:41","date_gmt":"2022-06-23T08:25:41","guid":{"rendered":"https:\/\/sundar.be\/product\/feel-satin-deligthful-body-creme-200-ml-fr\/"},"modified":"2025-12-08T07:44:33","modified_gmt":"2025-12-08T06:44:33","slug":"feel-satin-deligthful-body-creme-200-ml","status":"publish","type":"product","link":"https:\/\/sundar.be\/fr\/produit\/feel-satin-deligthful-body-creme-200-ml\/","title":{"rendered":"Monteil FEEL SATIN Delightful Body Creme, 200 ml"},"content":{"rendered":"<p>La <strong data-start=\"217\" data-end=\"253\">FEEL SATIN Delightful Body Creme<\/strong> est une cr\u00e8me corporelle luxueuse et soyeuse qui nourrit intens\u00e9ment la peau et laisse une sensation douce et satin\u00e9e. Sa texture l\u00e9g\u00e8re mais riche fond imm\u00e9diatement sur la peau sans laisser de film collant ou gras, id\u00e9ale pour une utilisation quotidienne. Gr\u00e2ce \u00e0 des ingr\u00e9dients adoucissants tels que le caprylic\/capric triglyceride, la glyc\u00e9rine et l\u2019aloe vera, la peau reste durablement hydrat\u00e9e et visiblement plus lisse et confortable. Son parfum subtil et raffin\u00e9 offre une v\u00e9ritable exp\u00e9rience bien-\u00eatre \u00e0 domicile.   <\/p>\n","protected":false},"excerpt":{"rendered":"<p>Une cr\u00e8me corporelle soyeuse qui hydrate durablement la peau et la rend souple. Elle laisse un fini satin\u00e9 et un parfum agr\u00e9able et raffin\u00e9. <\/p>\n","protected":false},"featured_media":23705,"comment_status":"closed","ping_status":"closed","template":"","meta":{"_acf_changed":false},"product_brand":[],"product_cat":[2689,2683,2705],"product_tag":[2716],"class_list":{"0":"post-24330","1":"product","2":"type-product","3":"status-publish","4":"has-post-thumbnail","6":"product_cat-feel-satin-fr","7":"product_cat-monteil-fr","8":"product_cat-monteil-soins-du-corps","9":"product_tag-monteil-fr","11":"first","12":"instock","13":"taxable","14":"shipping-taxable","15":"product-type-simple"},"acf":[],"_links":{"self":[{"href":"https:\/\/sundar.be\/fr\/wp-json\/wp\/v2\/product\/24330","targetHints":{"allow":["GET"]}}],"collection":[{"href":"https:\/\/sundar.be\/fr\/wp-json\/wp\/v2\/product"}],"about":[{"href":"https:\/\/sundar.be\/fr\/wp-json\/wp\/v2\/types\/product"}],"replies":[{"embeddable":true,"href":"https:\/\/sundar.be\/fr\/wp-json\/wp\/v2\/comments?post=24330"}],"wp:featuredmedia":[{"embeddable":true,"href":"https:\/\/sundar.be\/fr\/wp-json\/wp\/v2\/media\/23705"}],"wp:attachment":[{"href":"https:\/\/sundar.be\/fr\/wp-json\/wp\/v2\/media?parent=24330"}],"wp:term":[{"taxonomy":"product_brand","embeddable":true,"href":"https:\/\/sundar.be\/fr\/wp-json\/wp\/v2\/product_brand?post=24330"},{"taxonomy":"product_cat","embeddable":true,"href":"https:\/\/sundar.be\/fr\/wp-json\/wp\/v2\/product_cat?post=24330"},{"taxonomy":"product_tag","embeddable":true,"href":"https:\/\/sundar.be\/fr\/wp-json\/wp\/v2\/product_tag?post=24330"}],"curies":[{"name":"wp","href":"https:\/\/api.w.org\/{rel}","templated":true}]}}