{"id":24317,"date":"2022-06-23T09:27:54","date_gmt":"2022-06-23T07:27:54","guid":{"rendered":"https:\/\/sundar.be\/product\/professionals-aha-neutralizer-100-ml-fr\/"},"modified":"2025-12-08T11:04:50","modified_gmt":"2025-12-08T10:04:50","slug":"professionals-aha-neutralizer-100-ml-fr","status":"publish","type":"product","link":"https:\/\/sundar.be\/fr\/produit\/professionals-aha-neutralizer-100-ml-fr\/","title":{"rendered":"Monteil Professionals AHA Neutralizer &#8211; 100 ml"},"content":{"rendered":"<p>Le <span style=\"color: #557e96;\"><strong data-start=\"171\" data-end=\"204\">Professionals AHA Neutralizer<\/strong><\/span> est une \u00e9tape essentielle apr\u00e8s les peelings professionnels aux AHA. Il neutralise imm\u00e9diatement les acides afin de r\u00e9\u00e9quilibrer le pH de la peau. Sa formule agit rapidement et efficacement pour stopper le processus d\u2019exfoliation, \u00e9vitant ainsi irritations et sensations de picotement excessives. Gr\u00e2ce \u00e0 des ingr\u00e9dients apaisants tels que le panth\u00e9nol, la peau est calm\u00e9e, hydrat\u00e9e et prot\u00e9g\u00e9e apr\u00e8s le traitement. Un indispensable pour toute cabine professionnelle souhaitant offrir une exp\u00e9rience de peeling s\u00fbre et ma\u00eetris\u00e9e.   <\/p>\n","protected":false},"excerpt":{"rendered":"<p>Un neutralisant efficace qui stoppe instantan\u00e9ment l\u2019action des acides AHA tout en apaisant la peau. Assure une finition s\u00fbre et \u00e9quilibr\u00e9e apr\u00e8s les peelings professionnels. <\/p>\n","protected":false},"featured_media":59668,"comment_status":"closed","ping_status":"closed","template":"","meta":{"_acf_changed":false},"product_brand":[],"product_cat":[2683,4921,2707,4920],"product_tag":[2716],"class_list":{"0":"post-24317","1":"product","2":"type-product","3":"status-publish","4":"has-post-thumbnail","6":"product_cat-monteil-fr","7":"product_cat-beaute-nettoyage-exfoliation","8":"product_cat-monteil-professionals-fr","9":"product_cat-beaute-soins-du-visage","10":"product_tag-monteil-fr","12":"first","13":"instock","14":"taxable","15":"shipping-taxable","16":"product-type-simple"},"acf":[],"_links":{"self":[{"href":"https:\/\/sundar.be\/fr\/wp-json\/wp\/v2\/product\/24317","targetHints":{"allow":["GET"]}}],"collection":[{"href":"https:\/\/sundar.be\/fr\/wp-json\/wp\/v2\/product"}],"about":[{"href":"https:\/\/sundar.be\/fr\/wp-json\/wp\/v2\/types\/product"}],"replies":[{"embeddable":true,"href":"https:\/\/sundar.be\/fr\/wp-json\/wp\/v2\/comments?post=24317"}],"wp:featuredmedia":[{"embeddable":true,"href":"https:\/\/sundar.be\/fr\/wp-json\/wp\/v2\/media\/59668"}],"wp:attachment":[{"href":"https:\/\/sundar.be\/fr\/wp-json\/wp\/v2\/media?parent=24317"}],"wp:term":[{"taxonomy":"product_brand","embeddable":true,"href":"https:\/\/sundar.be\/fr\/wp-json\/wp\/v2\/product_brand?post=24317"},{"taxonomy":"product_cat","embeddable":true,"href":"https:\/\/sundar.be\/fr\/wp-json\/wp\/v2\/product_cat?post=24317"},{"taxonomy":"product_tag","embeddable":true,"href":"https:\/\/sundar.be\/fr\/wp-json\/wp\/v2\/product_tag?post=24317"}],"curies":[{"name":"wp","href":"https:\/\/api.w.org\/{rel}","templated":true}]}}