{"id":24309,"date":"2022-06-22T16:59:50","date_gmt":"2022-06-22T14:59:50","guid":{"rendered":"https:\/\/sundar.be\/product\/professionals-aha-peeling-soft-9-ml-fr\/"},"modified":"2025-12-08T11:11:12","modified_gmt":"2025-12-08T10:11:12","slug":"professionals-aha-peeling-soft-9-ml-fr","status":"publish","type":"product","link":"https:\/\/sundar.be\/fr\/produit\/professionals-aha-peeling-soft-9-ml-fr\/","title":{"rendered":"Monteil Professionals AHA Peeling soft, 9 ml"},"content":{"rendered":"<p>Le <span style=\"color: #557e96;\"><strong data-start=\"227\" data-end=\"261\">Professionals AHA Peeling Soft<\/strong><\/span> est un peeling exfoliant doux mais efficace, d\u00e9velopp\u00e9 pour une utilisation en instituts de beaut\u00e9 professionnels. L\u2019association d\u2019acide glycolique, d\u2019acide lactique et d\u2019acide citrique \u00e9limine en douceur les cellules mortes et am\u00e9liore la texture de la peau, sans l\u2019intensit\u00e9 d\u2019un peeling de niveau medium. Sa texture gel l\u00e9g\u00e8re, stabilis\u00e9e avec de l\u2019hydroxyethylcellulose, permet une application homog\u00e8ne et contr\u00f4l\u00e9e, id\u00e9ale pour les clients n\u00e9cessitant un traitement plus doux et respectueux de la peau. Parfait comme peeling d\u2019introduction ou pour les peaux sensibles devant d\u00e9velopper leur tol\u00e9rance.   <\/p>\n<p>Valeur PH : 2,2<\/p>\n","protected":false},"excerpt":{"rendered":"<p>Peeling aux acides de fruits avec 4% d&rsquo;acide glycolique, 3% d&rsquo;acide citrique et 2% d&rsquo;acide lactique.<\/p>\n","protected":false},"featured_media":29988,"comment_status":"closed","ping_status":"closed","template":"","meta":{"_acf_changed":false},"product_brand":[],"product_cat":[2683,4921,2707,4920],"product_tag":[2716],"class_list":{"0":"post-24309","1":"product","2":"type-product","3":"status-publish","4":"has-post-thumbnail","6":"product_cat-monteil-fr","7":"product_cat-beaute-nettoyage-exfoliation","8":"product_cat-monteil-professionals-fr","9":"product_cat-beaute-soins-du-visage","10":"product_tag-monteil-fr","12":"first","13":"instock","14":"taxable","15":"shipping-taxable","16":"product-type-simple"},"acf":[],"_links":{"self":[{"href":"https:\/\/sundar.be\/fr\/wp-json\/wp\/v2\/product\/24309","targetHints":{"allow":["GET"]}}],"collection":[{"href":"https:\/\/sundar.be\/fr\/wp-json\/wp\/v2\/product"}],"about":[{"href":"https:\/\/sundar.be\/fr\/wp-json\/wp\/v2\/types\/product"}],"replies":[{"embeddable":true,"href":"https:\/\/sundar.be\/fr\/wp-json\/wp\/v2\/comments?post=24309"}],"wp:featuredmedia":[{"embeddable":true,"href":"https:\/\/sundar.be\/fr\/wp-json\/wp\/v2\/media\/29988"}],"wp:attachment":[{"href":"https:\/\/sundar.be\/fr\/wp-json\/wp\/v2\/media?parent=24309"}],"wp:term":[{"taxonomy":"product_brand","embeddable":true,"href":"https:\/\/sundar.be\/fr\/wp-json\/wp\/v2\/product_brand?post=24309"},{"taxonomy":"product_cat","embeddable":true,"href":"https:\/\/sundar.be\/fr\/wp-json\/wp\/v2\/product_cat?post=24309"},{"taxonomy":"product_tag","embeddable":true,"href":"https:\/\/sundar.be\/fr\/wp-json\/wp\/v2\/product_tag?post=24309"}],"curies":[{"name":"wp","href":"https:\/\/api.w.org\/{rel}","templated":true}]}}