{"id":24297,"date":"2022-06-22T15:37:35","date_gmt":"2022-06-22T13:37:35","guid":{"rendered":"https:\/\/sundar.be\/product\/professionals-rose-skin-creme-200-ml-fr\/"},"modified":"2025-12-08T11:23:19","modified_gmt":"2025-12-08T10:23:19","slug":"professionals-rose-skin-creme-200-ml-fr","status":"publish","type":"product","link":"https:\/\/sundar.be\/fr\/produit\/professionals-rose-skin-creme-200-ml-fr\/","title":{"rendered":"Monteil Professionals Rose Skin Creme &#8211; 200 ml"},"content":{"rendered":"<p>La<span style=\"color: #557e96;\"><strong data-start=\"246\" data-end=\"279\"> Professionals Rose Skin Cr\u00e8me <\/strong><\/span>est une cr\u00e8me de soin riche et protectrice, sp\u00e9cialement con\u00e7ue pour les traitements cabine professionnels o\u00f9 confort et nutrition sont essentiels. Sa formule contient des ingr\u00e9dients occlusifs adoucissants tels que la paraffine, la p\u00e9trolatum et la cire d\u2019abeille, qui forment un film protecteur afin de limiter la perte d\u2019hydratation et de laisser la peau intens\u00e9ment assouplie. Gr\u00e2ce \u00e0 la lanoline, aux triglyc\u00e9rides caprylique\/caprique et \u00e0 l\u2019oxyde de zinc, la peau est apais\u00e9e, nourrie et confortable, m\u00eame en cas de s\u00e9cheresse ou de sensibilit\u00e9. Son d\u00e9licat parfum de rose rend le soin encore plus agr\u00e9able et cr\u00e9e une exp\u00e9rience bien-\u00eatre luxueuse.   <\/p>\n<h2><\/h2>\n","protected":false},"excerpt":{"rendered":"<p>Une cr\u00e8me cabine riche et protectrice qui adoucit et nourrit intens\u00e9ment la peau. Id\u00e9ale pour les peaux s\u00e8ches, sensibles ou stress\u00e9es qui ont besoin d\u2019un confort suppl\u00e9mentaire. <\/p>\n","protected":false},"featured_media":59672,"comment_status":"closed","ping_status":"closed","template":"","meta":{"_acf_changed":false},"product_brand":[],"product_cat":[2683,2707],"product_tag":[2716],"class_list":{"0":"post-24297","1":"product","2":"type-product","3":"status-publish","4":"has-post-thumbnail","6":"product_cat-monteil-fr","7":"product_cat-monteil-professionals-fr","8":"product_tag-monteil-fr","10":"first","11":"instock","12":"taxable","13":"shipping-taxable","14":"product-type-simple"},"acf":[],"_links":{"self":[{"href":"https:\/\/sundar.be\/fr\/wp-json\/wp\/v2\/product\/24297","targetHints":{"allow":["GET"]}}],"collection":[{"href":"https:\/\/sundar.be\/fr\/wp-json\/wp\/v2\/product"}],"about":[{"href":"https:\/\/sundar.be\/fr\/wp-json\/wp\/v2\/types\/product"}],"replies":[{"embeddable":true,"href":"https:\/\/sundar.be\/fr\/wp-json\/wp\/v2\/comments?post=24297"}],"wp:featuredmedia":[{"embeddable":true,"href":"https:\/\/sundar.be\/fr\/wp-json\/wp\/v2\/media\/59672"}],"wp:attachment":[{"href":"https:\/\/sundar.be\/fr\/wp-json\/wp\/v2\/media?parent=24297"}],"wp:term":[{"taxonomy":"product_brand","embeddable":true,"href":"https:\/\/sundar.be\/fr\/wp-json\/wp\/v2\/product_brand?post=24297"},{"taxonomy":"product_cat","embeddable":true,"href":"https:\/\/sundar.be\/fr\/wp-json\/wp\/v2\/product_cat?post=24297"},{"taxonomy":"product_tag","embeddable":true,"href":"https:\/\/sundar.be\/fr\/wp-json\/wp\/v2\/product_tag?post=24297"}],"curies":[{"name":"wp","href":"https:\/\/api.w.org\/{rel}","templated":true}]}}