{"id":24293,"date":"2022-06-22T15:22:38","date_gmt":"2022-06-22T13:22:38","guid":{"rendered":"https:\/\/sundar.be\/product\/professionals-camphor-mask-200-ml-fr\/"},"modified":"2025-12-08T11:30:02","modified_gmt":"2025-12-08T10:30:02","slug":"professionals-camphor-mask-200-ml-fr","status":"publish","type":"product","link":"https:\/\/sundar.be\/fr\/produit\/professionals-camphor-mask-200-ml-fr\/","title":{"rendered":"Monteil Professionals Camphor Mask &#8211; 200 ml"},"content":{"rendered":"<p>Le <span style=\"color: #557e96;\"><strong data-start=\"202\" data-end=\"232\">Professionals Camphor Mask<\/strong><\/span> est un masque purifiant et rafra\u00eechissant sp\u00e9cialement d\u00e9velopp\u00e9 pour les peaux impures, grasses ou sujettes \u00e0 la brillance. Sa formule associe des ingr\u00e9dients absorbants tels que le kaolin et le dioxyde de titane \u00e0 la camphre, reconnue pour ses propri\u00e9t\u00e9s rafra\u00eechissantes et \u00e9quilibrantes. Des huiles min\u00e9rales et des agents adoucissants comme la glyc\u00e9rine et les triglyc\u00e9rides caprylique\/caprique aident \u00e0 maintenir la souplesse de la peau tout en absorbant l\u2019exc\u00e8s de s\u00e9bum et les impuret\u00e9s. Ce produit professionnel de cabine procure un aspect frais, mat et apais\u00e9, et contribue \u00e0 une peau plus nette et \u00e9quilibr\u00e9e.   <\/p>\n","protected":false},"excerpt":{"rendered":"<p>Un masque purifiant et rafra\u00eechissant qui absorbe l\u2019exc\u00e8s de s\u00e9bum et matifie la peau. Id\u00e9al pour les peaux grasses, impures ou brillantes n\u00e9cessitant \u00e9quilibre et fra\u00eecheur. <\/p>\n","protected":false},"featured_media":59674,"comment_status":"closed","ping_status":"closed","template":"","meta":{"_acf_changed":false},"product_brand":[],"product_cat":[5238,5239,5241,2683,2707,4920],"product_tag":[2716],"class_list":{"0":"post-24293","1":"product","2":"type-product","3":"status-publish","4":"has-post-thumbnail","6":"product_cat-tout-pour-visage-masques","7":"product_cat-masques-argile","8":"product_cat-masques-creme","9":"product_cat-monteil-fr","10":"product_cat-monteil-professionals-fr","11":"product_cat-beaute-soins-du-visage","12":"product_tag-monteil-fr","14":"first","15":"instock","16":"taxable","17":"shipping-taxable","18":"product-type-simple"},"acf":[],"_links":{"self":[{"href":"https:\/\/sundar.be\/fr\/wp-json\/wp\/v2\/product\/24293","targetHints":{"allow":["GET"]}}],"collection":[{"href":"https:\/\/sundar.be\/fr\/wp-json\/wp\/v2\/product"}],"about":[{"href":"https:\/\/sundar.be\/fr\/wp-json\/wp\/v2\/types\/product"}],"replies":[{"embeddable":true,"href":"https:\/\/sundar.be\/fr\/wp-json\/wp\/v2\/comments?post=24293"}],"wp:featuredmedia":[{"embeddable":true,"href":"https:\/\/sundar.be\/fr\/wp-json\/wp\/v2\/media\/59674"}],"wp:attachment":[{"href":"https:\/\/sundar.be\/fr\/wp-json\/wp\/v2\/media?parent=24293"}],"wp:term":[{"taxonomy":"product_brand","embeddable":true,"href":"https:\/\/sundar.be\/fr\/wp-json\/wp\/v2\/product_brand?post=24293"},{"taxonomy":"product_cat","embeddable":true,"href":"https:\/\/sundar.be\/fr\/wp-json\/wp\/v2\/product_cat?post=24293"},{"taxonomy":"product_tag","embeddable":true,"href":"https:\/\/sundar.be\/fr\/wp-json\/wp\/v2\/product_tag?post=24293"}],"curies":[{"name":"wp","href":"https:\/\/api.w.org\/{rel}","templated":true}]}}