{"id":24288,"date":"2022-06-22T15:08:21","date_gmt":"2022-06-22T13:08:21","guid":{"rendered":"https:\/\/sundar.be\/product\/professionals-linden-mask-fr\/"},"modified":"2025-12-08T11:48:58","modified_gmt":"2025-12-08T10:48:58","slug":"professionals-linden-mask-fr","status":"publish","type":"product","link":"https:\/\/sundar.be\/fr\/produit\/professionals-linden-mask-fr\/","title":{"rendered":"Monteil Professionals Linden Mask &#8211; 200 ml"},"content":{"rendered":"<p>Le <span style=\"color: #557e96;\"><strong data-start=\"228\" data-end=\"257\">Professionals Linden Mask<\/strong><\/span> est un masque apaisant et adoucissant sp\u00e9cialement d\u00e9velopp\u00e9 pour d\u00e9tendre et r\u00e9\u00e9quilibrer les peaux stress\u00e9es, sensibles ou d\u00e9shydrat\u00e9es. Sa formule contient du kaolin pour une purification douce, tandis que des \u00e9mollients riches en lipides tels que le triheptanoin, les triglyc\u00e9rides caprylique\/caprique et la glyc\u00e9rine maintiennent la peau souple et confortable. L\u2019ingr\u00e9dient principal, l\u2019extrait de tilleul (Tilia Cordata), est reconnu pour ses propri\u00e9t\u00e9s calmantes et relaxantes, et aide \u00e0 r\u00e9duire rougeurs et sensations de tension cutan\u00e9e. Sa texture cr\u00e9meuse procure une sensation nourrissante et agr\u00e9able sans alourdir \u2014 id\u00e9ale pour les soins professionnels ax\u00e9s sur l\u2019apaisement et la r\u00e9g\u00e9n\u00e9ration de la peau.   <\/p>\n","protected":false},"excerpt":{"rendered":"<p>Un masque apaisant qui aide la peau sensible ou stress\u00e9e \u00e0 se d\u00e9tendre et \u00e0 se restaurer. Enrichi en extrait de fleurs de tilleul pour une peau plus confortable, plus lisse et mieux \u00e9quilibr\u00e9e. <\/p>\n","protected":false},"featured_media":59678,"comment_status":"closed","ping_status":"closed","template":"","meta":{"_acf_changed":false},"product_brand":[],"product_cat":[5238,5241,2683,2707,4920],"product_tag":[2716],"class_list":{"0":"post-24288","1":"product","2":"type-product","3":"status-publish","4":"has-post-thumbnail","6":"product_cat-tout-pour-visage-masques","7":"product_cat-masques-creme","8":"product_cat-monteil-fr","9":"product_cat-monteil-professionals-fr","10":"product_cat-beaute-soins-du-visage","11":"product_tag-monteil-fr","13":"first","14":"instock","15":"taxable","16":"shipping-taxable","17":"product-type-simple"},"acf":[],"_links":{"self":[{"href":"https:\/\/sundar.be\/fr\/wp-json\/wp\/v2\/product\/24288","targetHints":{"allow":["GET"]}}],"collection":[{"href":"https:\/\/sundar.be\/fr\/wp-json\/wp\/v2\/product"}],"about":[{"href":"https:\/\/sundar.be\/fr\/wp-json\/wp\/v2\/types\/product"}],"replies":[{"embeddable":true,"href":"https:\/\/sundar.be\/fr\/wp-json\/wp\/v2\/comments?post=24288"}],"wp:featuredmedia":[{"embeddable":true,"href":"https:\/\/sundar.be\/fr\/wp-json\/wp\/v2\/media\/59678"}],"wp:attachment":[{"href":"https:\/\/sundar.be\/fr\/wp-json\/wp\/v2\/media?parent=24288"}],"wp:term":[{"taxonomy":"product_brand","embeddable":true,"href":"https:\/\/sundar.be\/fr\/wp-json\/wp\/v2\/product_brand?post=24288"},{"taxonomy":"product_cat","embeddable":true,"href":"https:\/\/sundar.be\/fr\/wp-json\/wp\/v2\/product_cat?post=24288"},{"taxonomy":"product_tag","embeddable":true,"href":"https:\/\/sundar.be\/fr\/wp-json\/wp\/v2\/product_tag?post=24288"}],"curies":[{"name":"wp","href":"https:\/\/api.w.org\/{rel}","templated":true}]}}