{"id":24279,"date":"2022-06-22T13:07:27","date_gmt":"2022-06-22T11:07:27","guid":{"rendered":"https:\/\/sundar.be\/product\/professionals-facial-tonic-500-ml-fr\/"},"modified":"2025-12-08T12:25:48","modified_gmt":"2025-12-08T11:25:48","slug":"professionals-facial-tonic-500-ml-fr","status":"publish","type":"product","link":"https:\/\/sundar.be\/fr\/produit\/professionals-facial-tonic-500-ml-fr\/","title":{"rendered":"Monteil Professionals Facial Tonic &#8211; 500 ml"},"content":{"rendered":"<p>Le <span style=\"color: #557e96;\"><strong data-start=\"231\" data-end=\"261\">Professionals Facial Tonic<\/strong><\/span> est une lotion tonique rafra\u00eechissante et \u00e9quilibrante qui apaise, hydrate et pr\u00e9pare la peau apr\u00e8s le nettoyage. La formule contient un puissant m\u00e9lange d&rsquo;extraits botaniques tels que l\u2019hamam\u00e9lis, la camomille, le th\u00e9 vert, le pamplemousse, le magnolia et l\u2019\u00e9corce de saule, qui contribuent ensemble \u00e0 purifier, \u00e9claircir et apaiser la peau. Des agents hydratants comme la glyc\u00e9rine, le sorbitol, l\u2019ur\u00e9e et le sodium lactate procurent une sensation de confort et de souplesse. Gr\u00e2ce \u00e0 l\u2019extrait de propolis, la peau est davantage soutenue dans son \u00e9quilibre naturel. Cette lotion tonique professionnelle affine l\u2019apparence des pores, \u00e9limine les derniers r\u00e9sidus de nettoyage et laisse la peau fra\u00eeche, nette et pr\u00eate \u00e0 recevoir s\u00e9rums et cr\u00e8mes.    <\/p>\n","protected":false},"excerpt":{"rendered":"<p data-start=\"993\" data-end=\"1164\">Une lotion tonique rafra\u00eechissante et \u00e9quilibrante qui purifie, apaise et hydrate la peau. Pr\u00e9pare id\u00e9alement la peau \u00e0 l\u2019application de s\u00e9rums et de cr\u00e8mes, parfaite en cabine comme \u00e0 domicile. <\/p>\n","protected":false},"featured_media":59680,"comment_status":"closed","ping_status":"closed","template":"","meta":{"_acf_changed":false},"product_brand":[],"product_cat":[2683,4921,2707,4920],"product_tag":[2716],"class_list":{"0":"post-24279","1":"product","2":"type-product","3":"status-publish","4":"has-post-thumbnail","6":"product_cat-monteil-fr","7":"product_cat-beaute-nettoyage-exfoliation","8":"product_cat-monteil-professionals-fr","9":"product_cat-beaute-soins-du-visage","10":"product_tag-monteil-fr","12":"first","13":"instock","14":"taxable","15":"shipping-taxable","16":"product-type-simple"},"acf":[],"_links":{"self":[{"href":"https:\/\/sundar.be\/fr\/wp-json\/wp\/v2\/product\/24279","targetHints":{"allow":["GET"]}}],"collection":[{"href":"https:\/\/sundar.be\/fr\/wp-json\/wp\/v2\/product"}],"about":[{"href":"https:\/\/sundar.be\/fr\/wp-json\/wp\/v2\/types\/product"}],"replies":[{"embeddable":true,"href":"https:\/\/sundar.be\/fr\/wp-json\/wp\/v2\/comments?post=24279"}],"wp:featuredmedia":[{"embeddable":true,"href":"https:\/\/sundar.be\/fr\/wp-json\/wp\/v2\/media\/59680"}],"wp:attachment":[{"href":"https:\/\/sundar.be\/fr\/wp-json\/wp\/v2\/media?parent=24279"}],"wp:term":[{"taxonomy":"product_brand","embeddable":true,"href":"https:\/\/sundar.be\/fr\/wp-json\/wp\/v2\/product_brand?post=24279"},{"taxonomy":"product_cat","embeddable":true,"href":"https:\/\/sundar.be\/fr\/wp-json\/wp\/v2\/product_cat?post=24279"},{"taxonomy":"product_tag","embeddable":true,"href":"https:\/\/sundar.be\/fr\/wp-json\/wp\/v2\/product_tag?post=24279"}],"curies":[{"name":"wp","href":"https:\/\/api.w.org\/{rel}","templated":true}]}}