{"id":24275,"date":"2022-06-22T12:57:01","date_gmt":"2022-06-22T10:57:01","guid":{"rendered":"https:\/\/sundar.be\/product\/professionals-lift-sensation-serum-200-ml-fr\/"},"modified":"2025-12-08T12:42:35","modified_gmt":"2025-12-08T11:42:35","slug":"professionals-lift-sensation-serum-200-ml-fr","status":"publish","type":"product","link":"https:\/\/sundar.be\/fr\/produit\/professionals-lift-sensation-serum-200-ml-fr\/","title":{"rendered":"Monteil Professionals Lift Sensation Serum &#8211; 200 ml (RENEW)"},"content":{"rendered":"<p>Le <span style=\"color: #557e96;\"><strong data-start=\"218\" data-end=\"256\">Professionals Lift Sensation Serum <\/strong><\/span>est un s\u00e9rum luxueux et raffermissant qui procure imm\u00e9diatement \u00e0 la peau une sensation de fermet\u00e9, de douceur et de volume. Sa formule contient un complexe avanc\u00e9 de peptides (Palmitoyl Tripeptide-1 &amp; Palmitoyl Tetrapeptide-7) qui soutient la condition cutan\u00e9e et aide \u00e0 r\u00e9duire les signes visibles de rel\u00e2chement. Gr\u00e2ce \u00e0 des agents hydratants tels que la glyc\u00e9rine, le sorbitol et l\u2019acide hyaluronique, la peau b\u00e9n\u00e9ficie d\u2019un boost d\u2019hydratation en profondeur. Des extraits revitalisants tels que la s\u00e8ve de bouleau et l\u2019extrait de graines de chia contribuent \u00e0 raviver l\u2019\u00e9clat naturel de la peau. Sa texture gel l\u00e9g\u00e8re est rapidement absorb\u00e9e et laisse la peau souple, lisse et r\u00e9siliente \u2014 id\u00e9ale pour les soins anti-\u00e2ge professionnels comme pour l\u2019usage quotidien.    <\/p>\n<p>&nbsp;<\/p>\n","protected":false},"excerpt":{"rendered":"<p data-start=\"1005\" data-end=\"1227\">Un s\u00e9rum anti-\u00e2ge raffermissant qui hydrate, lisse et aide \u00e0 r\u00e9duire les signes de rel\u00e2chement cutan\u00e9. Riche en peptides, acide hyaluronique et extraits revitalisants pour une peau visiblement plus rebondie et \u00e9clatante. <\/p>\n","protected":false},"featured_media":59688,"comment_status":"closed","ping_status":"closed","template":"","meta":{"_acf_changed":false},"product_brand":[],"product_cat":[2683,2707],"product_tag":[2716],"class_list":{"0":"post-24275","1":"product","2":"type-product","3":"status-publish","4":"has-post-thumbnail","6":"product_cat-monteil-fr","7":"product_cat-monteil-professionals-fr","8":"product_tag-monteil-fr","10":"first","11":"instock","12":"taxable","13":"shipping-taxable","14":"product-type-simple"},"acf":[],"_links":{"self":[{"href":"https:\/\/sundar.be\/fr\/wp-json\/wp\/v2\/product\/24275","targetHints":{"allow":["GET"]}}],"collection":[{"href":"https:\/\/sundar.be\/fr\/wp-json\/wp\/v2\/product"}],"about":[{"href":"https:\/\/sundar.be\/fr\/wp-json\/wp\/v2\/types\/product"}],"replies":[{"embeddable":true,"href":"https:\/\/sundar.be\/fr\/wp-json\/wp\/v2\/comments?post=24275"}],"wp:featuredmedia":[{"embeddable":true,"href":"https:\/\/sundar.be\/fr\/wp-json\/wp\/v2\/media\/59688"}],"wp:attachment":[{"href":"https:\/\/sundar.be\/fr\/wp-json\/wp\/v2\/media?parent=24275"}],"wp:term":[{"taxonomy":"product_brand","embeddable":true,"href":"https:\/\/sundar.be\/fr\/wp-json\/wp\/v2\/product_brand?post=24275"},{"taxonomy":"product_cat","embeddable":true,"href":"https:\/\/sundar.be\/fr\/wp-json\/wp\/v2\/product_cat?post=24275"},{"taxonomy":"product_tag","embeddable":true,"href":"https:\/\/sundar.be\/fr\/wp-json\/wp\/v2\/product_tag?post=24275"}],"curies":[{"name":"wp","href":"https:\/\/api.w.org\/{rel}","templated":true}]}}